{"id":2112,"date":"2021-04-02T16:17:57","date_gmt":"2021-04-02T14:17:57","guid":{"rendered":"https:\/\/www.cristal-benito.fr\/dev\/?page_id=2112"},"modified":"2024-04-18T16:28:42","modified_gmt":"2024-04-18T14:28:42","slug":"histoire-et-entreprise","status":"publish","type":"page","link":"https:\/\/www.cristal-benito.fr\/en\/histoire-et-entreprise\/","title":{"rendered":"History and company"},"content":{"rendered":"<div class=\"vc-row-container container\"><div class=\"vc_row wpb_row vc_row-fluid\"><div class=\"wpb_column vc_column_container vc_col-sm-12\"><div class=\"vc_column-inner\"><div class=\"wpb_wrapper\"><div class=\"vc_empty_space\"   style=\"height: 50px\"><span class=\"vc_empty_space_inner\"><\/span><\/div>\n\t<div class=\"wpb_text_column wpb_content_element  post-formatting\" >\n\t\t<div class=\"wpb_wrapper\">\n\t\t\t<div class=\"histoire\" style=\"visibility: visible; text-align: center; padding: 40px 0px 15px 0px; line-height: 25px;\">\n<p style=\"text-align: center; font-size: 35px; font-family: 'Majesti-banner'; font-style: italic; font-weight: normal; height: 18px; margin: 0 15px 0 15px;\">History and company<\/p>\n<\/div>\n\n\t\t<\/div>\n\t<\/div>\n<div class=\"vc_separator wpb_content_element vc_separator_align_center vc_sep_width_100 vc_sep_pos_align_center vc_separator_no_text\" ><span class=\"vc_sep_holder vc_sep_holder_l\"><span  style=\"border-color:#000000;\" class=\"vc_sep_line\"><\/span><\/span><span class=\"vc_sep_holder vc_sep_holder_r\"><span  style=\"border-color:#000000;\" class=\"vc_sep_line\"><\/span><\/span>\n<\/div><div class=\"vc_empty_space\"   style=\"height: 10px\"><span class=\"vc_empty_space_inner\"><\/span><\/div><\/div><\/div><\/div><\/div><\/div><div class=\"vc-row-container container\"><div class=\"vc_row wpb_row vc_row-fluid\"><div class=\"wpb_column vc_column_container vc_col-sm-1\"><div class=\"vc_column-inner\"><div class=\"wpb_wrapper\"><\/div><\/div><\/div><div class=\"wpb_column vc_column_container vc_col-sm-6\"><div class=\"vc_column-inner\"><div class=\"wpb_wrapper\"><div class=\"vc_row wpb_row vc_inner vc_row-fluid vc_column-gap-15\"><div class=\"wpb_column vc_column_container vc_col-sm-12\"><div class=\"vc_column-inner\"><div class=\"wpb_wrapper\">\n\t<div class=\"wpb_text_column wpb_content_element  vc_custom_1618843195277 post-formatting\" >\n\t\t<div class=\"wpb_wrapper\">\n\t\t\t<h3 style=\"text-align: right;\">THE ORIGINS OF CRISTAL BENITO<\/h3>\n\n\t\t<\/div>\n\t<\/div>\n\n\t<div class=\"wpb_text_column wpb_content_element  post-formatting\" >\n\t\t<div class=\"wpb_wrapper\">\n\t\t\t<p style=\"text-align: right;\" class=\"translation-block\">Jos\u00e9, Martin and now Franck have succeeded each other in the family business since 1952. However, the roots of this story are much older. Arriving in France from Spain in 1925, Jos\u00e9 Benito and his brother first opened a perfume bottle stopper workshop in Colombes (Hauts-de-Seine, France). Guerlain became their first major customer and other major brands followed. The company was flourishing until the Second World War. The business then collapsed, with no hope of recovery. At the end of the war, Martin, Jos\u00e9's son, was 14 years old. He was employed by a Parisian crystal cutter to whom he quickly demonstrated his talent. His father decided to set up a crystal-cutting studio in the place of the old corking workshop, which he named Cristal Fr\u00e8res for his sons. The young Martin is the one who trained his father and two of his brothers before taking over the workshop himself, which he managed until 2004, an exceptional career spanning 52 years.<\/p>\n\n\t\t<\/div>\n\t<\/div>\n<\/div><\/div><\/div><\/div><\/div><\/div><\/div><div class=\"wpb_column vc_column_container vc_col-sm-4\"><div class=\"vc_column-inner vc_custom_1617374924911\"><div class=\"wpb_wrapper\"><div class=\"vc_row wpb_row vc_inner vc_row-fluid\"><div class=\"wpb_column vc_column_container vc_col-sm-12\"><div class=\"vc_column-inner vc_custom_1615926790309\"><div class=\"wpb_wrapper\">\n\t<div  class=\"wpb_single_image wpb_content_element vc_align_center  wpb_animate_when_almost_visible wpb_fadeIn fadeIn vc_custom_1618843135227\">\n\t\t\n\t\t<figure class=\"wpb_wrapper vc_figure\">\n\t\t\t<div class=\"vc_single_image-wrapper   vc_box_border_grey\"><img loading=\"lazy\" decoding=\"async\" width=\"1807\" height=\"1251\" src=\"https:\/\/www.cristal-benito.fr\/wp-content\/uploads\/2021\/04\/grand-pere-atelier-1960.jpg\" class=\"vc_single_image-img attachment-full\" alt=\"\" srcset=\"https:\/\/www.cristal-benito.fr\/wp-content\/uploads\/2021\/04\/grand-pere-atelier-1960.jpg 1807w, https:\/\/www.cristal-benito.fr\/wp-content\/uploads\/2021\/04\/grand-pere-atelier-1960-300x208.jpg 300w, https:\/\/www.cristal-benito.fr\/wp-content\/uploads\/2021\/04\/grand-pere-atelier-1960-1024x709.jpg 1024w, https:\/\/www.cristal-benito.fr\/wp-content\/uploads\/2021\/04\/grand-pere-atelier-1960-768x532.jpg 768w, https:\/\/www.cristal-benito.fr\/wp-content\/uploads\/2021\/04\/grand-pere-atelier-1960-1536x1063.jpg 1536w, https:\/\/www.cristal-benito.fr\/wp-content\/uploads\/2021\/04\/grand-pere-atelier-1960-16x12.jpg 16w, https:\/\/www.cristal-benito.fr\/wp-content\/uploads\/2021\/04\/grand-pere-atelier-1960-1612x1116.jpg 1612w, https:\/\/www.cristal-benito.fr\/wp-content\/uploads\/2021\/04\/grand-pere-atelier-1960-1116x773.jpg 1116w, https:\/\/www.cristal-benito.fr\/wp-content\/uploads\/2021\/04\/grand-pere-atelier-1960-806x558.jpg 806w, https:\/\/www.cristal-benito.fr\/wp-content\/uploads\/2021\/04\/grand-pere-atelier-1960-558x386.jpg 558w, https:\/\/www.cristal-benito.fr\/wp-content\/uploads\/2021\/04\/grand-pere-atelier-1960-655x453.jpg 655w\" sizes=\"auto, (max-width: 1807px) 100vw, 1807px\" \/><\/div>\n\t\t<\/figure>\n\t<\/div>\n<\/div><\/div><\/div><\/div><\/div><\/div><\/div><div class=\"wpb_column vc_column_container vc_col-sm-1\"><div class=\"vc_column-inner\"><div class=\"wpb_wrapper\"><\/div><\/div><\/div><\/div><\/div><div class=\"vc-row-container container\"><div class=\"vc_row wpb_row vc_row-fluid\"><div class=\"wpb_column vc_column_container vc_col-sm-12\"><div class=\"vc_column-inner\"><div class=\"wpb_wrapper\"><div class=\"vc_empty_space\"   style=\"height: 80px\"><span class=\"vc_empty_space_inner\"><\/span><\/div><\/div><\/div><\/div><\/div><\/div><div class=\"vc-row-container container\"><div class=\"vc_row wpb_row vc_row-fluid\"><div class=\"wpb_column vc_column_container vc_col-sm-1\"><div class=\"vc_column-inner\"><div class=\"wpb_wrapper\"><\/div><\/div><\/div><div class=\"wpb_column vc_column_container vc_col-sm-4\"><div class=\"vc_column-inner\"><div class=\"wpb_wrapper\"><div class=\"vc_row wpb_row vc_inner vc_row-fluid vc_column-gap-15\"><div class=\"wpb_column vc_column_container vc_col-sm-12\"><div class=\"vc_column-inner\"><div class=\"wpb_wrapper\">\n\t<div  class=\"wpb_single_image wpb_content_element vc_align_center  wpb_animate_when_almost_visible wpb_fadeIn fadeIn vc_custom_1618843123403\">\n\t\t\n\t\t<figure class=\"wpb_wrapper vc_figure\">\n\t\t\t<div class=\"vc_single_image-wrapper   vc_box_border_grey\"><img loading=\"lazy\" decoding=\"async\" width=\"875\" height=\"910\" src=\"https:\/\/www.cristal-benito.fr\/wp-content\/uploads\/2021\/04\/salon-1969.jpg\" class=\"vc_single_image-img attachment-full\" alt=\"\" srcset=\"https:\/\/www.cristal-benito.fr\/wp-content\/uploads\/2021\/04\/salon-1969.jpg 875w, https:\/\/www.cristal-benito.fr\/wp-content\/uploads\/2021\/04\/salon-1969-288x300.jpg 288w, https:\/\/www.cristal-benito.fr\/wp-content\/uploads\/2021\/04\/salon-1969-768x799.jpg 768w, https:\/\/www.cristal-benito.fr\/wp-content\/uploads\/2021\/04\/salon-1969-12x12.jpg 12w, https:\/\/www.cristal-benito.fr\/wp-content\/uploads\/2021\/04\/salon-1969-806x838.jpg 806w, https:\/\/www.cristal-benito.fr\/wp-content\/uploads\/2021\/04\/salon-1969-558x580.jpg 558w, https:\/\/www.cristal-benito.fr\/wp-content\/uploads\/2021\/04\/salon-1969-655x681.jpg 655w\" sizes=\"auto, (max-width: 875px) 100vw, 875px\" \/><\/div>\n\t\t<\/figure>\n\t<\/div>\n<\/div><\/div><\/div><\/div><\/div><\/div><\/div><div class=\"wpb_column vc_column_container vc_col-sm-6\"><div class=\"vc_column-inner vc_custom_1615926294675\"><div class=\"wpb_wrapper\"><div class=\"vc_row wpb_row vc_inner vc_row-fluid\"><div class=\"wpb_column vc_column_container vc_col-sm-12\"><div class=\"vc_column-inner vc_custom_1615926790309\"><div class=\"wpb_wrapper\">\n\t<div class=\"wpb_text_column wpb_content_element  vc_custom_1618843296663 post-formatting\" >\n\t\t<div class=\"wpb_wrapper\">\n\t\t\t<h3>30 YEARS OF EXEMPLARY DEVELOPMENT AND THE TURNING POINT OF THE 1990S<\/h3>\n\n\t\t<\/div>\n\t<\/div>\n\n\t<div class=\"wpb_text_column wpb_content_element  post-formatting\" >\n\t\t<div class=\"wpb_wrapper\">\n\t\t\t<p style=\"text-align: left;\">Martin Benito quickly became an excellent crystal cutter renowned by the whole profession. His \"32 Facet Star\" became famous and was used to decorate vases and amphoras, planters and candy boxes... He created a very successful collection of luxury decorative objects, especially in accessory and gift stores in France and abroad. He is also an outstanding salesman who will ensure the notoriety of his house by participating very early, from the 1960s, in major international exhibitions.<\/p>\n<p style=\"text-align: left;\">Franck joined his father in 1985. He was 19 years old and had to learn everything about the trade. He also discovered a taste for commercial development which he immediately put to good use by prospecting for new markets, particularly those of interior decoration in the United States... Times are changing and the activity as well as the products must adapt to new customers, Franck brings a new breath which will allow the company to turn progressively towards new markets with more contemporary products.<\/p>\n<p style=\"text-align: left;\">In 1995, Franck became head of the workshop... He became an excellent crystal-cutter too and created new models, especially wall lights, first for the US market. He will yet work with his father for almost 10 years and together they will develop the company internationally, enrich the collections while revisiting the classic models that became emblematic of the brand.<\/p>\n\n\t\t<\/div>\n\t<\/div>\n<\/div><\/div><\/div><\/div><\/div><\/div><\/div><div class=\"wpb_column vc_column_container vc_col-sm-1\"><div class=\"vc_column-inner\"><div class=\"wpb_wrapper\"><\/div><\/div><\/div><\/div><\/div><div class=\"vc-row-container container\"><div class=\"vc_row wpb_row vc_row-fluid\"><div class=\"wpb_column vc_column_container vc_col-sm-12\"><div class=\"vc_column-inner\"><div class=\"wpb_wrapper\"><div class=\"vc_empty_space\"   style=\"height: 80px\"><span class=\"vc_empty_space_inner\"><\/span><\/div><\/div><\/div><\/div><\/div><\/div><div class=\"vc-row-container container\"><div class=\"vc_row wpb_row vc_row-fluid\"><div class=\"wpb_column vc_column_container vc_col-sm-1\"><div class=\"vc_column-inner\"><div class=\"wpb_wrapper\"><\/div><\/div><\/div><div class=\"wpb_column vc_column_container vc_col-sm-10\"><div class=\"vc_column-inner\"><div class=\"wpb_wrapper\">\n\t<div  class=\"wpb_single_image wpb_content_element vc_align_center\">\n\t\t\n\t\t<figure class=\"wpb_wrapper vc_figure\">\n\t\t\t<div class=\"vc_single_image-wrapper   vc_box_border_grey\"><img loading=\"lazy\" decoding=\"async\" width=\"2268\" height=\"1201\" src=\"https:\/\/www.cristal-benito.fr\/wp-content\/uploads\/2021\/04\/L1260247.jpg\" class=\"vc_single_image-img attachment-full\" alt=\"\" srcset=\"https:\/\/www.cristal-benito.fr\/wp-content\/uploads\/2021\/04\/L1260247.jpg 2268w, https:\/\/www.cristal-benito.fr\/wp-content\/uploads\/2021\/04\/L1260247-300x159.jpg 300w, https:\/\/www.cristal-benito.fr\/wp-content\/uploads\/2021\/04\/L1260247-1024x542.jpg 1024w, https:\/\/www.cristal-benito.fr\/wp-content\/uploads\/2021\/04\/L1260247-768x407.jpg 768w, https:\/\/www.cristal-benito.fr\/wp-content\/uploads\/2021\/04\/L1260247-1536x813.jpg 1536w, https:\/\/www.cristal-benito.fr\/wp-content\/uploads\/2021\/04\/L1260247-2048x1085.jpg 2048w, https:\/\/www.cristal-benito.fr\/wp-content\/uploads\/2021\/04\/L1260247-16x8.jpg 16w, https:\/\/www.cristal-benito.fr\/wp-content\/uploads\/2021\/04\/L1260247-1612x854.jpg 1612w, https:\/\/www.cristal-benito.fr\/wp-content\/uploads\/2021\/04\/L1260247-1116x591.jpg 1116w, https:\/\/www.cristal-benito.fr\/wp-content\/uploads\/2021\/04\/L1260247-806x427.jpg 806w, https:\/\/www.cristal-benito.fr\/wp-content\/uploads\/2021\/04\/L1260247-558x295.jpg 558w, https:\/\/www.cristal-benito.fr\/wp-content\/uploads\/2021\/04\/L1260247-655x347.jpg 655w\" sizes=\"auto, (max-width: 2268px) 100vw, 2268px\" \/><\/div>\n\t\t<\/figure>\n\t<\/div>\n<\/div><\/div><\/div><div class=\"wpb_column vc_column_container vc_col-sm-1\"><div class=\"vc_column-inner\"><div class=\"wpb_wrapper\"><\/div><\/div><\/div><\/div><\/div><div class=\"vc-row-container container\"><div class=\"vc_row wpb_row vc_row-fluid\"><div class=\"wpb_column vc_column_container vc_col-sm-12\"><div class=\"vc_column-inner\"><div class=\"wpb_wrapper\"><div class=\"vc_empty_space\"   style=\"height: 80px\"><span class=\"vc_empty_space_inner\"><\/span><\/div><\/div><\/div><\/div><\/div><\/div><div class=\"vc-row-container container\"><div class=\"vc_row wpb_row vc_row-fluid\"><div class=\"wpb_column vc_column_container vc_col-sm-1\"><div class=\"vc_column-inner\"><div class=\"wpb_wrapper\"><\/div><\/div><\/div><div class=\"wpb_column vc_column_container vc_col-sm-6\"><div class=\"vc_column-inner\"><div class=\"wpb_wrapper\"><div class=\"vc_row wpb_row vc_inner vc_row-fluid\"><div class=\"wpb_column vc_column_container vc_col-sm-11\"><div class=\"vc_column-inner\"><div class=\"wpb_wrapper\">\n\t<div class=\"wpb_text_column wpb_content_element  vc_custom_1618843466068 post-formatting\" >\n\t\t<div class=\"wpb_wrapper\">\n\t\t\t<h3 style=\"text-align: left;\">THE STORY CONTINUES...<\/h3>\n\n\t\t<\/div>\n\t<\/div>\n\n\t<div class=\"wpb_text_column wpb_content_element  post-formatting\" >\n\t\t<div class=\"wpb_wrapper\">\n\t\t\t<p style=\"text-align: left;\" class=\"translation-block\">In 2004, Franck Benito took over the family business and Cristal Fr\u00e8res became Cristal Benito. Since then, he has continued to build the adventure started in 1952 with this double requirement: to preserve the identity of a renowned expertise and signature, while innovating with new models, new cutting styles, new finishes...<br>\nNow Cristal Benito has made its mark both through the exceptional mastery of its know-how and through its commercial dynamism with a highly qualified international clientele.<\/p>\n\n\t\t<\/div>\n\t<\/div>\n<\/div><\/div><\/div><div class=\"wpb_column vc_column_container vc_col-sm-1\"><div class=\"vc_column-inner\"><div class=\"wpb_wrapper\"><\/div><\/div><\/div><\/div><\/div><\/div><\/div><div class=\"wpb_column vc_column_container vc_col-sm-4\"><div class=\"vc_column-inner\"><div class=\"wpb_wrapper\"><div class=\"vc_row wpb_row vc_inner vc_row-fluid\"><div class=\"wpb_column vc_column_container vc_col-sm-12\"><div class=\"vc_column-inner vc_custom_1615924197096\"><div class=\"wpb_wrapper\">\n\t<div  class=\"wpb_single_image wpb_content_element vc_align_center  wpb_animate_when_almost_visible wpb_fadeIn fadeIn\">\n\t\t\n\t\t<figure class=\"wpb_wrapper vc_figure\">\n\t\t\t<div class=\"vc_single_image-wrapper   vc_box_border_grey\"><img loading=\"lazy\" decoding=\"async\" width=\"819\" height=\"992\" src=\"https:\/\/www.cristal-benito.fr\/wp-content\/uploads\/2021\/04\/L1320948-2page-31.jpg\" class=\"vc_single_image-img attachment-full\" alt=\"\" srcset=\"https:\/\/www.cristal-benito.fr\/wp-content\/uploads\/2021\/04\/L1320948-2page-31.jpg 819w, https:\/\/www.cristal-benito.fr\/wp-content\/uploads\/2021\/04\/L1320948-2page-31-248x300.jpg 248w, https:\/\/www.cristal-benito.fr\/wp-content\/uploads\/2021\/04\/L1320948-2page-31-768x930.jpg 768w, https:\/\/www.cristal-benito.fr\/wp-content\/uploads\/2021\/04\/L1320948-2page-31-10x12.jpg 10w, https:\/\/www.cristal-benito.fr\/wp-content\/uploads\/2021\/04\/L1320948-2page-31-806x976.jpg 806w, https:\/\/www.cristal-benito.fr\/wp-content\/uploads\/2021\/04\/L1320948-2page-31-558x676.jpg 558w, https:\/\/www.cristal-benito.fr\/wp-content\/uploads\/2021\/04\/L1320948-2page-31-655x793.jpg 655w\" sizes=\"auto, (max-width: 819px) 100vw, 819px\" \/><\/div>\n\t\t<\/figure>\n\t<\/div>\n<\/div><\/div><\/div><\/div><\/div><\/div><\/div><div class=\"wpb_column vc_column_container vc_col-sm-1\"><div class=\"vc_column-inner\"><div class=\"wpb_wrapper\"><\/div><\/div><\/div><\/div><\/div><div class=\"vc-row-container container\"><div class=\"vc_row wpb_row vc_row-fluid\"><div class=\"wpb_column vc_column_container vc_col-sm-1\"><div class=\"vc_column-inner\"><div class=\"wpb_wrapper\"><\/div><\/div><\/div><div class=\"wpb_column vc_column_container vc_col-sm-10\"><div class=\"vc_column-inner\"><div class=\"wpb_wrapper\"><div class=\"vc_empty_space\"   style=\"height: 50px\"><span class=\"vc_empty_space_inner\"><\/span><\/div><div class=\"vc_separator wpb_content_element vc_separator_align_center vc_sep_width_100 vc_sep_pos_align_center vc_separator_no_text vc_sep_color_grey\" ><span class=\"vc_sep_holder vc_sep_holder_l\"><span  class=\"vc_sep_line\"><\/span><\/span><span class=\"vc_sep_holder vc_sep_holder_r\"><span  class=\"vc_sep_line\"><\/span><\/span>\n<\/div><div class=\"vc_row wpb_row vc_inner vc_row-fluid\"><div class=\"wpb_column vc_column_container vc_col-sm-12\"><div class=\"vc_column-inner\"><div class=\"wpb_wrapper\">\n\t<div class=\"wpb_text_column wpb_content_element  post-formatting\" >\n\t\t<div class=\"wpb_wrapper\">\n\t\t\t<h2>Cristal Benito in some key dates<\/h2>\n<p style=\"text-align: left;\">1925: Arrival of Jos\u00e9 Benito, Franck's grandfather in France<br \/>\n1952: Creation of the company Cristal Fr\u00e8res with Martin Benito, Franck's father, at its head<br \/>\n1985: Franck Benito joins the family business<br \/>\n2004-05: Franck takes over the company. Cristal Fr\u00e8res becomes Cristal Benito<br \/>\n2006: Cristal Benito is recognized as a Living Heritage Company (still certified to this day)<br \/>\n2014: Cristal Benito receives the National Prize for Commercial Dynamics \"Stars et M\u00e9tiers\"<br \/>\n2017: Franck Benito is named Master of Art by the French Ministry of Culture.\nversion)<br \/>\n2023: Franck Benito is made a Knight of the National Order of Merit<br \/>\n2023: Franck Benito receives the Artisanal Excellence medal from the CMA \u00cele-de-France<br \/>\n2023: Franck Benito is labeled Hauts-de-Seine Tourism Artisan (renewed in 2024)<\/p>\n\n\t\t<\/div>\n\t<\/div>\n<\/div><\/div><\/div><\/div><div class=\"vc_empty_space\"   style=\"height: 82px\"><span class=\"vc_empty_space_inner\"><\/span><\/div><\/div><\/div><\/div><div class=\"wpb_column vc_column_container vc_col-sm-1\"><div class=\"vc_column-inner\"><div class=\"wpb_wrapper\"><\/div><\/div><\/div><\/div><\/div>","protected":false},"excerpt":{"rendered":"Histoire et entreprise LES ORIGINES DE CRISTAL BENITO Jos\u00e9, Martin et aujourd'hui Franck se sont succ\u00e9d\u00e9s dans l'entreprise familiale depuis 1952. Les racines de cette histoire sont cependant plus anciennes. Arriv\u00e9s en France depuis l'Espagne en 1925, Jos\u00e9 Benito et son fr\u00e8re ouvrent d'abord \u00e0 Colombes un atelier de bouchage de flacons de parfum. La&hellip;","protected":false},"author":2,"featured_media":0,"parent":0,"menu_order":0,"comment_status":"closed","ping_status":"closed","template":"","meta":{"_monsterinsights_skip_tracking":false,"_monsterinsights_sitenote_active":false,"_monsterinsights_sitenote_note":"","_monsterinsights_sitenote_category":0,"footnotes":""},"class_list":["post-2112","page","type-page","status-publish","hentry"],"aioseo_notices":[],"_links":{"self":[{"href":"https:\/\/www.cristal-benito.fr\/en\/wp-json\/wp\/v2\/pages\/2112","targetHints":{"allow":["GET"]}}],"collection":[{"href":"https:\/\/www.cristal-benito.fr\/en\/wp-json\/wp\/v2\/pages"}],"about":[{"href":"https:\/\/www.cristal-benito.fr\/en\/wp-json\/wp\/v2\/types\/page"}],"author":[{"embeddable":true,"href":"https:\/\/www.cristal-benito.fr\/en\/wp-json\/wp\/v2\/users\/2"}],"replies":[{"embeddable":true,"href":"https:\/\/www.cristal-benito.fr\/en\/wp-json\/wp\/v2\/comments?post=2112"}],"version-history":[{"count":28,"href":"https:\/\/www.cristal-benito.fr\/en\/wp-json\/wp\/v2\/pages\/2112\/revisions"}],"predecessor-version":[{"id":2531,"href":"https:\/\/www.cristal-benito.fr\/en\/wp-json\/wp\/v2\/pages\/2112\/revisions\/2531"}],"wp:attachment":[{"href":"https:\/\/www.cristal-benito.fr\/en\/wp-json\/wp\/v2\/media?parent=2112"}],"curies":[{"name":"wp","href":"https:\/\/api.w.org\/{rel}","templated":true}]}}