{"id":828,"date":"2021-01-31T17:18:58","date_gmt":"2021-01-31T16:18:58","guid":{"rendered":"https:\/\/www.cristal-benito.fr\/dev\/?page_id=828"},"modified":"2026-02-16T16:09:10","modified_gmt":"2026-02-16T15:09:10","slug":"mentions-legales","status":"publish","type":"page","link":"https:\/\/www.cristal-benito.fr\/en\/mentions-legales\/","title":{"rendered":"Legal Notice"},"content":{"rendered":"<div class=\"vc-row-container container\"><div class=\"vc_row wpb_row vc_row-fluid\"><div class=\"wpb_column vc_column_container vc_col-sm-2\"><div class=\"vc_column-inner\"><div class=\"wpb_wrapper\"><\/div><\/div><\/div><div class=\"wpb_column vc_column_container vc_col-sm-8\"><div class=\"vc_column-inner\"><div class=\"wpb_wrapper\"><div class=\"vc_empty_space\"   style=\"height: 200px\"><span class=\"vc_empty_space_inner\"><\/span><\/div>\n\t<div class=\"wpb_text_column wpb_content_element  post-formatting\" >\n\t\t<div class=\"wpb_wrapper\">\n\t\t\t<h2>Legal Notice<\/h2>\n\n\t\t<\/div>\n\t<\/div>\n\n\t<div class=\"wpb_text_column wpb_content_element  post-formatting\" >\n\t\t<div class=\"wpb_wrapper\">\n\t\t\t<p><strong>Editor of the site<\/strong><\/p>\n<div class=\"coordonnees vcard\">\n<p>CRISTAL BENITO<br \/>\n188 bis rue Gabriel P\u00e9ri<br \/>\n92700 COLOMBES<br \/>\nFrance<\/p>\n<p>Phone: +33 (0)1 42 42 60 76<\/p>\n<p><a href=\"https:\/\/www.cristal-benito.fr\/en\/\">https:\/\/www.cristal-benito.fr<\/a><br \/>\n<a title=\"Agence web Bordeaux et Gironde\" href=\"https:\/\/www.natural-net.fr\/\" target=\"_blank\" rel=\"noopener\"><br \/>\n<\/a><span class=\"copyNumber__copy\">RCS: Nanterre B 383 934 700<\/span><br \/>\nSIRET: 38393470000022<br \/>\nIntracommunity VAT: <span class=\"copyNumber__copy\">FR19383934700<br \/>\nAPE code: 2313Z<\/span><\/p>\n<p>&nbsp;<\/p>\n<\/div>\n<p>&nbsp;<\/p>\n<p><strong>Hosting<\/strong><\/p>\n<p>OVH<br \/>\n2 rue Kellermann<br \/>\n59100 ROUBAIX<br \/>\nFrance<\/p>\n<p>&nbsp;<\/p>\n<p><b>Terms and conditions of use <\/b><\/p>\n<p>This site Cristal-Benito.fr is proposed in different web languages (HTML, HTML5, Javascript, CSS, etc...) for a better comfort of use and a more pleasant visual design.<\/p>\n<p>We recommend that you use modern browsers such as Internet Explorer, Safari, Firefox, Google Chrome, etc.<\/p>\n<p class=\"translation-block\">Cristal-Benito.fr implements all the resources at its disposal, to ensure a reliable information and a reliable update of its Internet site.<\/p>\n<p>However, errors or omissions may occur. The user must therefore ensure the accuracy of the information from Cristal-Benito.fr, and report any changes to the site that he or she deems useful. Cristal Benito is in no way responsible for the use made of this information, nor for any direct or indirect prejudice that may result from it.<\/p>\n<p>&nbsp;<\/p>\n<p><strong>Hypertext links<\/strong><\/p>\n<p>The Cristal Benito website may offer links to other websites or other resources available on the Internet.<\/p>\n<p>Cristal Benito has no means of controlling the sites connected to its Internet sites. Cristal Benito is not responsible for the availability of such sites and external sources, nor does it guarantee them. Cristal Benito cannot be held responsible for any damage, of any nature whatsoever, resulting from the content of these external sites or sources, and in particular from the information, products or services they offer, or from any use that may be made of these elements. The risks related to this use are fully incumbent on the Internet user, who must comply with their conditions of use.<\/p>\n<p>Users, subscribers and visitors to the Cristal Benito website may not set up a hyperlink to this site without the express prior authorization of Cristal Benito.<\/p>\n<p>In the event that a user or visitor wishes to set up a hyperlink to the Cristal Benito website, he\/she must send an email to the site to request the setting up of a hyperlink. Cristal Benito reserves the right to accept or refuse a hyperlink without having to justify its decision.<\/p>\n\n\t\t<\/div>\n\t<\/div>\n<\/div><\/div><\/div><div class=\"wpb_column vc_column_container vc_col-sm-2\"><div class=\"vc_column-inner\"><div class=\"wpb_wrapper\"><\/div><\/div><\/div><\/div><\/div><div class=\"vc-row-container container\"><div class=\"vc_row wpb_row vc_row-fluid\"><div class=\"wpb_column vc_column_container vc_col-sm-2\"><div class=\"vc_column-inner\"><div class=\"wpb_wrapper\"><\/div><\/div><\/div><div class=\"wpb_column vc_column_container vc_col-sm-8\"><div class=\"vc_column-inner\"><div class=\"wpb_wrapper\"><div class=\"vc_empty_space\"   style=\"height: 70px\"><span class=\"vc_empty_space_inner\"><\/span><\/div>\n\t<div class=\"wpb_text_column wpb_content_element  post-formatting\" >\n\t\t<div class=\"wpb_wrapper\">\n\t\t\t<h2>Credits<\/h2>\n\n\t\t<\/div>\n\t<\/div>\n\n\t<div class=\"wpb_text_column wpb_content_element  post-formatting\" >\n\t\t<div class=\"wpb_wrapper\">\n\t\t\t<p><strong>Photos<\/strong><\/p>\n<p style=\"text-align: left;\">Unless specific credited: Bruno Farat<br \/>\nPhotos of the Classics brochure: Fran\u00e7ois Jannin<\/p>\n<p>&nbsp;<\/p>\n<p><strong>Writing<\/strong><\/p>\n<p>Fran\u00e7oise Bergaglia<\/p>\n<p>&nbsp;<\/p>\n<p><strong>Art direction, development<\/strong><\/p>\n<p>Serge Miserez \u2014 <a href=\"https:\/\/www.miserezdesign.com\" target=\"_blank\" rel=\"noopener\">www.miserezdesign.com<\/a><br \/>\nassisted by Yoan Bellot<\/p>\n<p>&nbsp;<\/p>\n<p><strong>Vid\u00e9o<\/strong><\/p>\n<p>Production : Living Production \u2013 R\u00e9alisateur : Matthieu Rousseau \u2013 Assistante r\u00e9alisateur : Nina Pag\u00e9gie \u2013 Chef op\u00e9rateur son : Luc Rousseau \u2013 R\u00e9gisseur lumi\u00e8re : David Clerger<\/p>\n<p>&nbsp;<\/p>\n<p><strong>Copyright \u00a9<\/strong><\/p>\n<p>This entire site is subject to French and international legislation on copyright and intellectual property.<\/p>\n<p>All the elements (information, texts, photographs, etc.) present on this site, are the exclusive property of Cristal Benito and are protected by the dispositions of the Code of the Intellectual Property.<\/p>\n<p>In application of the French Code of Intellectual Property and, more generally, of international treaties and agreements containing dispositions relating to the protection of copyright, the user is forbidden to reproduce, in any form whatsoever, the works protected by copyright which appear on the present site without the specific and prior written authorization of Cristal Benito.<\/p>\n<p>The violation of these dispositions submits  any offender of any responsible person to the criminal and civil penalties provided for by French legislation.<\/p>\n\n\t\t<\/div>\n\t<\/div>\n<\/div><\/div><\/div><div class=\"wpb_column vc_column_container vc_col-sm-2\"><div class=\"vc_column-inner\"><div class=\"wpb_wrapper\"><\/div><\/div><\/div><\/div><\/div><div class=\"vc-row-container container\"><div class=\"vc_row wpb_row vc_row-fluid\"><div class=\"wpb_column vc_column_container vc_col-sm-2\"><div class=\"vc_column-inner\"><div class=\"wpb_wrapper\"><\/div><\/div><\/div><div class=\"wpb_column vc_column_container vc_col-sm-8\"><div class=\"vc_column-inner\"><div class=\"wpb_wrapper\"><div class=\"vc_empty_space\"   style=\"height: 70px\"><span class=\"vc_empty_space_inner\"><\/span><\/div>\n\t<div class=\"wpb_text_column wpb_content_element  post-formatting\" >\n\t\t<div class=\"wpb_wrapper\">\n\t\t\t<h2>Data protection<\/h2>\n\n\t\t<\/div>\n\t<\/div>\n\n\t<div class=\"wpb_text_column wpb_content_element  post-formatting\" >\n\t\t<div class=\"wpb_wrapper\">\n\t\t\t<p><b>Cookies<\/b><\/p>\n<p>A cookie is a piece of information placed on your hard drive by the server of the site you are visiting.<\/p>\n<p>The Cristal-Benito.com site does not collect cookies for statistical and display purposes.<\/p>\n<p>&nbsp;<\/p>\n<p><b>Personal data<br \/>\n<\/b><\/p>\n<p>In general, you are not obliged to communicate your personal data to us when you visit our Internet site Cristal-Benito.fr<\/p>\n<p>However, there is an exception to this principle.  To subscribe to our newsletter, you are required to provide us with your e-mail address.<\/p>\n<p>You can unsubscribe from this service at any time.<\/p>\n<p>In any case, you can refuse to provide your email address.<\/p>\n\n\t\t<\/div>\n\t<\/div>\n<div class=\"vc_empty_space\"   style=\"height: 200px\"><span class=\"vc_empty_space_inner\"><\/span><\/div><\/div><\/div><\/div><div class=\"wpb_column vc_column_container vc_col-sm-2\"><div class=\"vc_column-inner\"><div class=\"wpb_wrapper\"><\/div><\/div><\/div><\/div><\/div>","protected":false},"excerpt":{"rendered":"Mentions l\u00e9gales Editeur du site CRISTAL BENITO 188 bis rue Gabriel P\u00e9ri 92700 COLOMBES France T\u00e9l\u00e9phone : +33 (0)1 42 42 60 76 https:\/\/www.cristal-benito.fr RCS : Nanterre B 383\u00a0934\u00a0700 SIRET : 38393470000022 TVA Intracommunautaire : FR19383934700 Code APE 2313Z &nbsp; &nbsp; H\u00e9bergeur OVH 2 rue Kellermann 59100 ROUBAIX France &nbsp; Conditions d\u2019utilisation Ce site Cristal-Benito.fr&hellip;","protected":false},"author":1,"featured_media":0,"parent":0,"menu_order":0,"comment_status":"closed","ping_status":"closed","template":"","meta":{"_monsterinsights_skip_tracking":false,"_monsterinsights_sitenote_active":false,"_monsterinsights_sitenote_note":"","_monsterinsights_sitenote_category":0,"footnotes":""},"class_list":["post-828","page","type-page","status-publish","hentry"],"aioseo_notices":[],"_links":{"self":[{"href":"https:\/\/www.cristal-benito.fr\/en\/wp-json\/wp\/v2\/pages\/828","targetHints":{"allow":["GET"]}}],"collection":[{"href":"https:\/\/www.cristal-benito.fr\/en\/wp-json\/wp\/v2\/pages"}],"about":[{"href":"https:\/\/www.cristal-benito.fr\/en\/wp-json\/wp\/v2\/types\/page"}],"author":[{"embeddable":true,"href":"https:\/\/www.cristal-benito.fr\/en\/wp-json\/wp\/v2\/users\/1"}],"replies":[{"embeddable":true,"href":"https:\/\/www.cristal-benito.fr\/en\/wp-json\/wp\/v2\/comments?post=828"}],"version-history":[{"count":15,"href":"https:\/\/www.cristal-benito.fr\/en\/wp-json\/wp\/v2\/pages\/828\/revisions"}],"predecessor-version":[{"id":2834,"href":"https:\/\/www.cristal-benito.fr\/en\/wp-json\/wp\/v2\/pages\/828\/revisions\/2834"}],"wp:attachment":[{"href":"https:\/\/www.cristal-benito.fr\/en\/wp-json\/wp\/v2\/media?parent=828"}],"curies":[{"name":"wp","href":"https:\/\/api.w.org\/{rel}","templated":true}]}}