{"id":845,"date":"2021-01-31T21:47:36","date_gmt":"2021-01-31T20:47:36","guid":{"rendered":"https:\/\/www.cristal-benito.fr\/dev\/?page_id=845"},"modified":"2021-05-19T16:39:36","modified_gmt":"2021-05-19T14:39:36","slug":"projets","status":"publish","type":"page","link":"https:\/\/www.cristal-benito.fr\/en\/projets\/","title":{"rendered":"Project"},"content":{"rendered":"<div class=\"vc-row-container container\"><div class=\"vc_row wpb_row vc_row-fluid\"><div class=\"wpb_column vc_column_container vc_col-sm-3\"><div class=\"vc_column-inner\"><div class=\"wpb_wrapper\"><\/div><\/div><\/div><div class=\"wpb_column vc_column_container vc_col-sm-6\"><div class=\"vc_column-inner\"><div class=\"wpb_wrapper\"><div class=\"vc_empty_space\"   style=\"height: 50px\"><span class=\"vc_empty_space_inner\"><\/span><\/div>\n\t<div  class=\"wpb_single_image wpb_content_element vc_align_center\">\n\t\t\n\t\t<figure class=\"wpb_wrapper vc_figure\">\n\t\t\t<div class=\"vc_single_image-wrapper   vc_box_border_grey\"><img loading=\"lazy\" decoding=\"async\" width=\"1030\" height=\"1417\" src=\"https:\/\/www.cristal-benito.fr\/wp-content\/uploads\/2021\/03\/Van-Cleef-and-Arpels-Cristal-Benito.jpg\" class=\"vc_single_image-img attachment-full\" alt=\"\" srcset=\"https:\/\/www.cristal-benito.fr\/wp-content\/uploads\/2021\/03\/Van-Cleef-and-Arpels-Cristal-Benito.jpg 1030w, https:\/\/www.cristal-benito.fr\/wp-content\/uploads\/2021\/03\/Van-Cleef-and-Arpels-Cristal-Benito-218x300.jpg 218w, https:\/\/www.cristal-benito.fr\/wp-content\/uploads\/2021\/03\/Van-Cleef-and-Arpels-Cristal-Benito-744x1024.jpg 744w, https:\/\/www.cristal-benito.fr\/wp-content\/uploads\/2021\/03\/Van-Cleef-and-Arpels-Cristal-Benito-768x1057.jpg 768w, https:\/\/www.cristal-benito.fr\/wp-content\/uploads\/2021\/03\/Van-Cleef-and-Arpels-Cristal-Benito-9x12.jpg 9w, https:\/\/www.cristal-benito.fr\/wp-content\/uploads\/2021\/03\/Van-Cleef-and-Arpels-Cristal-Benito-806x1109.jpg 806w, https:\/\/www.cristal-benito.fr\/wp-content\/uploads\/2021\/03\/Van-Cleef-and-Arpels-Cristal-Benito-558x768.jpg 558w, https:\/\/www.cristal-benito.fr\/wp-content\/uploads\/2021\/03\/Van-Cleef-and-Arpels-Cristal-Benito-655x901.jpg 655w\" sizes=\"auto, (max-width: 1030px) 100vw, 1030px\" \/><\/div>\n\t\t<\/figure>\n\t<\/div>\n<\/div><\/div><\/div><div class=\"wpb_column vc_column_container vc_col-sm-3\"><div class=\"vc_column-inner vc_custom_1617046603557\"><div class=\"wpb_wrapper\"><div class=\"vc_empty_space\"   style=\"height: 280px\"><span class=\"vc_empty_space_inner\"><\/span><\/div>\n\t<div class=\"wpb_text_column wpb_content_element  post-formatting\" >\n\t\t<div class=\"wpb_wrapper\">\n\t\t\t<h3 style=\"text-transform: inherit; text-align: left;\">Van Cleef &amp; Arpels, Paris<br \/>\nPlace Vend\u00f4me shop<\/h3>\n<p>Photo 1 :<br \/>\nA crystal dome of exceptional size, completely hand-cut by Cristal Benito, is overhanging a precious window in Van Cleef &amp; Arpels. 2016<\/p>\n<p>Photos 2 &amp; 3 :<br \/>\nCristal Benito creates 3 wall lights in hand-cut crystal (honeycomb pattern) for Van Cleef &amp; Arpels. 2020<br \/>\nDiameter of the wall lights: 18 and 25 cm<\/p>\n<h6>Design: Jouin Manku Agency for Van Cleef &amp; Arpels.<br \/>\nPhotos: Eric Laignel<\/h6>\n\n\t\t<\/div>\n\t<\/div>\n<\/div><\/div><\/div><\/div><\/div><div class=\"vc-row-container container\"><div class=\"vc_row wpb_row vc_row-fluid\"><div class=\"wpb_column vc_column_container vc_col-sm-3\"><div class=\"vc_column-inner\"><div class=\"wpb_wrapper\"><\/div><\/div><\/div><div class=\"wpb_column vc_column_container vc_col-sm-6\"><div class=\"vc_column-inner\"><div class=\"wpb_wrapper\">\n\t<div  class=\"wpb_single_image wpb_content_element vc_align_center\">\n\t\t\n\t\t<figure class=\"wpb_wrapper vc_figure\">\n\t\t\t<div class=\"vc_single_image-wrapper   vc_box_border_grey\"><img loading=\"lazy\" decoding=\"async\" width=\"1048\" height=\"1417\" src=\"https:\/\/www.cristal-benito.fr\/wp-content\/uploads\/2021\/03\/Van-Cleef-and-Arpels-2.jpg\" class=\"vc_single_image-img attachment-full\" alt=\"\" srcset=\"https:\/\/www.cristal-benito.fr\/wp-content\/uploads\/2021\/03\/Van-Cleef-and-Arpels-2.jpg 1048w, https:\/\/www.cristal-benito.fr\/wp-content\/uploads\/2021\/03\/Van-Cleef-and-Arpels-2-222x300.jpg 222w, https:\/\/www.cristal-benito.fr\/wp-content\/uploads\/2021\/03\/Van-Cleef-and-Arpels-2-757x1024.jpg 757w, https:\/\/www.cristal-benito.fr\/wp-content\/uploads\/2021\/03\/Van-Cleef-and-Arpels-2-768x1038.jpg 768w, https:\/\/www.cristal-benito.fr\/wp-content\/uploads\/2021\/03\/Van-Cleef-and-Arpels-2-9x12.jpg 9w, https:\/\/www.cristal-benito.fr\/wp-content\/uploads\/2021\/03\/Van-Cleef-and-Arpels-2-806x1090.jpg 806w, https:\/\/www.cristal-benito.fr\/wp-content\/uploads\/2021\/03\/Van-Cleef-and-Arpels-2-558x754.jpg 558w, https:\/\/www.cristal-benito.fr\/wp-content\/uploads\/2021\/03\/Van-Cleef-and-Arpels-2-655x886.jpg 655w\" sizes=\"auto, (max-width: 1048px) 100vw, 1048px\" \/><\/div>\n\t\t<\/figure>\n\t<\/div>\n<\/div><\/div><\/div><div class=\"wpb_column vc_column_container vc_col-sm-3\"><div class=\"vc_column-inner\"><div class=\"wpb_wrapper\"><\/div><\/div><\/div><\/div><\/div><div class=\"vc-row-container container\"><div class=\"vc_row wpb_row vc_row-fluid\"><div class=\"wpb_column vc_column_container vc_col-sm-3\"><div class=\"vc_column-inner\"><div class=\"wpb_wrapper\"><\/div><\/div><\/div><div class=\"wpb_column vc_column_container vc_col-sm-6\"><div class=\"vc_column-inner\"><div class=\"wpb_wrapper\">\n\t<div  class=\"wpb_single_image wpb_content_element vc_align_center\">\n\t\t\n\t\t<figure class=\"wpb_wrapper vc_figure\">\n\t\t\t<div class=\"vc_single_image-wrapper   vc_box_border_grey\"><img loading=\"lazy\" decoding=\"async\" width=\"1262\" height=\"1134\" src=\"https:\/\/www.cristal-benito.fr\/wp-content\/uploads\/2021\/03\/Van-Cleef-and-Arpels1.jpg\" class=\"vc_single_image-img attachment-full\" alt=\"\" srcset=\"https:\/\/www.cristal-benito.fr\/wp-content\/uploads\/2021\/03\/Van-Cleef-and-Arpels1.jpg 1262w, https:\/\/www.cristal-benito.fr\/wp-content\/uploads\/2021\/03\/Van-Cleef-and-Arpels1-300x270.jpg 300w, https:\/\/www.cristal-benito.fr\/wp-content\/uploads\/2021\/03\/Van-Cleef-and-Arpels1-1024x920.jpg 1024w, https:\/\/www.cristal-benito.fr\/wp-content\/uploads\/2021\/03\/Van-Cleef-and-Arpels1-768x690.jpg 768w, https:\/\/www.cristal-benito.fr\/wp-content\/uploads\/2021\/03\/Van-Cleef-and-Arpels1-13x12.jpg 13w, https:\/\/www.cristal-benito.fr\/wp-content\/uploads\/2021\/03\/Van-Cleef-and-Arpels1-1116x1003.jpg 1116w, https:\/\/www.cristal-benito.fr\/wp-content\/uploads\/2021\/03\/Van-Cleef-and-Arpels1-806x724.jpg 806w, https:\/\/www.cristal-benito.fr\/wp-content\/uploads\/2021\/03\/Van-Cleef-and-Arpels1-558x501.jpg 558w, https:\/\/www.cristal-benito.fr\/wp-content\/uploads\/2021\/03\/Van-Cleef-and-Arpels1-655x589.jpg 655w\" sizes=\"auto, (max-width: 1262px) 100vw, 1262px\" \/><\/div>\n\t\t<\/figure>\n\t<\/div>\n<\/div><\/div><\/div><div class=\"wpb_column vc_column_container vc_col-sm-3\"><div class=\"vc_column-inner\"><div class=\"wpb_wrapper\"><\/div><\/div><\/div><\/div><\/div><div class=\"vc-row-container container\"><div class=\"vc_row wpb_row vc_row-fluid\"><div class=\"wpb_column vc_column_container vc_col-sm-1\"><div class=\"vc_column-inner\"><div class=\"wpb_wrapper\"><\/div><\/div><\/div><div class=\"wpb_column vc_column_container vc_col-sm-10\"><div class=\"vc_column-inner\"><div class=\"wpb_wrapper\"><div class=\"vc_empty_space\"   style=\"height: 30px\"><span class=\"vc_empty_space_inner\"><\/span><\/div><div class=\"vc_separator wpb_content_element vc_separator_align_center vc_sep_width_100 vc_sep_pos_align_center vc_separator_no_text vc_sep_color_grey vc_custom_1617046972044  vc_custom_1617046972044\" ><span class=\"vc_sep_holder vc_sep_holder_l\"><span  class=\"vc_sep_line\"><\/span><\/span><span class=\"vc_sep_holder vc_sep_holder_r\"><span  class=\"vc_sep_line\"><\/span><\/span>\n<\/div><div class=\"vc_empty_space\"   style=\"height: 30px\"><span class=\"vc_empty_space_inner\"><\/span><\/div>\n\t<div  class=\"wpb_single_image wpb_content_element vc_align_center  vc_custom_1617047086177\">\n\t\t\n\t\t<figure class=\"wpb_wrapper vc_figure\">\n\t\t\t<div class=\"vc_single_image-wrapper   vc_box_border_grey\"><img loading=\"lazy\" decoding=\"async\" width=\"1417\" height=\"946\" src=\"https:\/\/www.cristal-benito.fr\/wp-content\/uploads\/2021\/03\/archi-2.jpg\" class=\"vc_single_image-img attachment-full\" alt=\"\" srcset=\"https:\/\/www.cristal-benito.fr\/wp-content\/uploads\/2021\/03\/archi-2.jpg 1417w, https:\/\/www.cristal-benito.fr\/wp-content\/uploads\/2021\/03\/archi-2-300x200.jpg 300w, https:\/\/www.cristal-benito.fr\/wp-content\/uploads\/2021\/03\/archi-2-1024x684.jpg 1024w, https:\/\/www.cristal-benito.fr\/wp-content\/uploads\/2021\/03\/archi-2-768x513.jpg 768w, https:\/\/www.cristal-benito.fr\/wp-content\/uploads\/2021\/03\/archi-2-16x12.jpg 16w, https:\/\/www.cristal-benito.fr\/wp-content\/uploads\/2021\/03\/archi-2-1116x745.jpg 1116w, https:\/\/www.cristal-benito.fr\/wp-content\/uploads\/2021\/03\/archi-2-806x538.jpg 806w, https:\/\/www.cristal-benito.fr\/wp-content\/uploads\/2021\/03\/archi-2-558x373.jpg 558w, https:\/\/www.cristal-benito.fr\/wp-content\/uploads\/2021\/03\/archi-2-655x437.jpg 655w\" sizes=\"auto, (max-width: 1417px) 100vw, 1417px\" \/><\/div>\n\t\t<\/figure>\n\t<\/div>\n<\/div><\/div><\/div><div class=\"wpb_column vc_column_container vc_col-sm-1\"><div class=\"vc_column-inner\"><div class=\"wpb_wrapper\"><\/div><\/div><\/div><\/div><\/div><div class=\"vc-row-container container\"><div class=\"vc_row wpb_row vc_row-fluid\"><div class=\"wpb_column vc_column_container vc_col-sm-1\"><div class=\"vc_column-inner\"><div class=\"wpb_wrapper\"><\/div><\/div><\/div><div class=\"wpb_column vc_column_container vc_col-sm-10\"><div class=\"vc_column-inner\"><div class=\"wpb_wrapper\">\n\t<div  class=\"wpb_single_image wpb_content_element vc_align_center  vc_custom_1617047126843\">\n\t\t\n\t\t<figure class=\"wpb_wrapper vc_figure\">\n\t\t\t<div class=\"vc_single_image-wrapper   vc_box_border_grey\"><img loading=\"lazy\" decoding=\"async\" width=\"1417\" height=\"946\" src=\"https:\/\/www.cristal-benito.fr\/wp-content\/uploads\/2021\/03\/archi-1.jpg\" class=\"vc_single_image-img attachment-full\" alt=\"\" srcset=\"https:\/\/www.cristal-benito.fr\/wp-content\/uploads\/2021\/03\/archi-1.jpg 1417w, https:\/\/www.cristal-benito.fr\/wp-content\/uploads\/2021\/03\/archi-1-300x200.jpg 300w, https:\/\/www.cristal-benito.fr\/wp-content\/uploads\/2021\/03\/archi-1-1024x684.jpg 1024w, https:\/\/www.cristal-benito.fr\/wp-content\/uploads\/2021\/03\/archi-1-768x513.jpg 768w, https:\/\/www.cristal-benito.fr\/wp-content\/uploads\/2021\/03\/archi-1-16x12.jpg 16w, https:\/\/www.cristal-benito.fr\/wp-content\/uploads\/2021\/03\/archi-1-1116x745.jpg 1116w, https:\/\/www.cristal-benito.fr\/wp-content\/uploads\/2021\/03\/archi-1-806x538.jpg 806w, https:\/\/www.cristal-benito.fr\/wp-content\/uploads\/2021\/03\/archi-1-558x373.jpg 558w, https:\/\/www.cristal-benito.fr\/wp-content\/uploads\/2021\/03\/archi-1-655x437.jpg 655w\" sizes=\"auto, (max-width: 1417px) 100vw, 1417px\" \/><\/div>\n\t\t<\/figure>\n\t<\/div>\n<\/div><\/div><\/div><div class=\"wpb_column vc_column_container vc_col-sm-1\"><div class=\"vc_column-inner\"><div class=\"wpb_wrapper\"><\/div><\/div><\/div><\/div><\/div><div class=\"vc-row-container container\"><div class=\"vc_row wpb_row vc_row-fluid\"><div class=\"wpb_column vc_column_container vc_col-sm-1\"><div class=\"vc_column-inner\"><div class=\"wpb_wrapper\"><\/div><\/div><\/div><div class=\"wpb_column vc_column_container vc_col-sm-10\"><div class=\"vc_column-inner\"><div class=\"wpb_wrapper\"><div class=\"vc_row wpb_row vc_inner vc_row-fluid\"><div class=\"wpb_column vc_column_container vc_col-sm-6 vc_col-xs-1 vc_hidden-xs\"><div class=\"vc_column-inner\"><div class=\"wpb_wrapper\">\n\t<div class=\"wpb_text_column wpb_content_element  vc_custom_1618906583762 post-formatting\" >\n\t\t<div class=\"wpb_wrapper\">\n\t\t\t<h3 style=\"text-transform: inherit;\" class=\"translation-block\">Appartement sur Central<br>\r\nPark, New York<\/h3>\n<p>Above: the entrance with two Cristal Benito Art Deco \"Arcade\" sconces.<br \/>\nBelow: the living room, with a pink enamelled Cristal Benito vase on the coffee table.<br \/>\nNew-York, 2012<\/p>\n<h6>Interior Design: Jo\u00ebl Caturla<br \/>\nPhotos: Peter Margonelli<\/h6>\n\n\t\t<\/div>\n\t<\/div>\n<\/div><\/div><\/div><div class=\"wpb_column vc_column_container vc_col-sm-3\"><div class=\"vc_column-inner\"><div class=\"wpb_wrapper\"><\/div><\/div><\/div><div class=\"wpb_column vc_column_container vc_col-sm-3\"><div class=\"vc_column-inner\"><div class=\"wpb_wrapper\"><\/div><\/div><\/div><\/div><\/div><\/div><\/div><div class=\"wpb_column vc_column_container vc_col-sm-1\"><div class=\"vc_column-inner\"><div class=\"wpb_wrapper\"><\/div><\/div><\/div><\/div><\/div><div class=\"vc-row-container container\"><div class=\"vc_row wpb_row vc_row-fluid\"><div class=\"wpb_column vc_column_container vc_col-sm-12 vc_hidden-lg vc_hidden-md vc_hidden-sm\"><div class=\"vc_column-inner\"><div class=\"wpb_wrapper\">\n\t<div class=\"wpb_text_column wpb_content_element  post-formatting\" >\n\t\t<div class=\"wpb_wrapper\">\n\t\t\t<h3 style=\"text-transform: inherit;\" class=\"translation-block\">Appartement sur Central<br>\r\nPark, New York<\/h3>\n<p>Above: the entrance with two Cristal Benito Art Deco \"Arcade\" sconces.<br \/>\nBelow: the living room, with a pink enamelled Cristal Benito vase on the coffee table.<br \/>\nNew-York, 2012<\/p>\n<h6>Interior Design: Jo\u00ebl Caturla<br \/>\nPhotos: Peter Margonelli<\/h6>\n\n\t\t<\/div>\n\t<\/div>\n<\/div><\/div><\/div><\/div><\/div><div class=\"vc-row-container container\"><div class=\"vc_row wpb_row vc_row-fluid\"><div class=\"wpb_column vc_column_container vc_col-sm-12\"><div class=\"vc_column-inner\"><div class=\"wpb_wrapper\"><div class=\"vc_empty_space\"   style=\"height: 100px\"><span class=\"vc_empty_space_inner\"><\/span><\/div><\/div><\/div><\/div><\/div><\/div>","protected":false},"excerpt":{"rendered":"Van Cleef &amp; Arpels, Paris Boutique Place Vend\u00f4me Photo 1 : Un d\u00f4me de cristal de dimension exceptionnelle, enti\u00e8rement taill\u00e9 \u00e0 la main par Cristal Benito, coiffe une pr\u00e9cieuse vitrine de chez Van Cleef &amp; Arpels. 2016 Photos 2 et 3 : Cristal Benito cr\u00e9e 3 appliques en cristal taill\u00e9 main (motif nid d'abeille) pour&hellip;","protected":false},"author":1,"featured_media":0,"parent":0,"menu_order":0,"comment_status":"closed","ping_status":"closed","template":"","meta":{"_monsterinsights_skip_tracking":false,"_monsterinsights_sitenote_active":false,"_monsterinsights_sitenote_note":"","_monsterinsights_sitenote_category":0,"footnotes":""},"class_list":["post-845","page","type-page","status-publish","hentry"],"aioseo_notices":[],"_links":{"self":[{"href":"https:\/\/www.cristal-benito.fr\/en\/wp-json\/wp\/v2\/pages\/845","targetHints":{"allow":["GET"]}}],"collection":[{"href":"https:\/\/www.cristal-benito.fr\/en\/wp-json\/wp\/v2\/pages"}],"about":[{"href":"https:\/\/www.cristal-benito.fr\/en\/wp-json\/wp\/v2\/types\/page"}],"author":[{"embeddable":true,"href":"https:\/\/www.cristal-benito.fr\/en\/wp-json\/wp\/v2\/users\/1"}],"replies":[{"embeddable":true,"href":"https:\/\/www.cristal-benito.fr\/en\/wp-json\/wp\/v2\/comments?post=845"}],"version-history":[{"count":41,"href":"https:\/\/www.cristal-benito.fr\/en\/wp-json\/wp\/v2\/pages\/845\/revisions"}],"predecessor-version":[{"id":2341,"href":"https:\/\/www.cristal-benito.fr\/en\/wp-json\/wp\/v2\/pages\/845\/revisions\/2341"}],"wp:attachment":[{"href":"https:\/\/www.cristal-benito.fr\/en\/wp-json\/wp\/v2\/media?parent=845"}],"curies":[{"name":"wp","href":"https:\/\/api.w.org\/{rel}","templated":true}]}}