{"id":848,"date":"2021-01-31T21:48:03","date_gmt":"2021-01-31T20:48:03","guid":{"rendered":"https:\/\/www.cristal-benito.fr\/dev\/?page_id=848"},"modified":"2021-05-24T12:25:44","modified_gmt":"2021-05-24T10:25:44","slug":"signature","status":"publish","type":"page","link":"https:\/\/www.cristal-benito.fr\/en\/signature\/","title":{"rendered":"Signature"},"content":{"rendered":"<div class=\"vc-row-container container\"><div class=\"vc_row wpb_row vc_row-fluid\"><div class=\"wpb_column vc_column_container vc_col-sm-12\"><div class=\"vc_column-inner\"><div class=\"wpb_wrapper\"><div class=\"vc_empty_space\"   style=\"height: 50px\"><span class=\"vc_empty_space_inner\"><\/span><\/div>\n\t<div  class=\"wpb_single_image wpb_content_element vc_align_center\">\n\t\t\n\t\t<figure class=\"wpb_wrapper vc_figure\">\n\t\t\t<div class=\"vc_single_image-wrapper   vc_box_border_grey\"><img loading=\"lazy\" decoding=\"async\" width=\"1163\" height=\"723\" src=\"https:\/\/www.cristal-benito.fr\/wp-content\/uploads\/2021\/02\/L1260882page-112.jpg\" class=\"vc_single_image-img attachment-full\" alt=\"\" srcset=\"https:\/\/www.cristal-benito.fr\/wp-content\/uploads\/2021\/02\/L1260882page-112.jpg 1163w, https:\/\/www.cristal-benito.fr\/wp-content\/uploads\/2021\/02\/L1260882page-112-300x187.jpg 300w, https:\/\/www.cristal-benito.fr\/wp-content\/uploads\/2021\/02\/L1260882page-112-1024x637.jpg 1024w, https:\/\/www.cristal-benito.fr\/wp-content\/uploads\/2021\/02\/L1260882page-112-768x477.jpg 768w, https:\/\/www.cristal-benito.fr\/wp-content\/uploads\/2021\/02\/L1260882page-112-1116x694.jpg 1116w, https:\/\/www.cristal-benito.fr\/wp-content\/uploads\/2021\/02\/L1260882page-112-806x501.jpg 806w, https:\/\/www.cristal-benito.fr\/wp-content\/uploads\/2021\/02\/L1260882page-112-558x347.jpg 558w, https:\/\/www.cristal-benito.fr\/wp-content\/uploads\/2021\/02\/L1260882page-112-655x407.jpg 655w\" sizes=\"auto, (max-width: 1163px) 100vw, 1163px\" \/><\/div>\n\t\t<\/figure>\n\t<\/div>\n<div class=\"vc_row wpb_row vc_inner vc_row-fluid\"><div class=\"wpb_column vc_column_container vc_col-sm-4\"><div class=\"vc_column-inner\"><div class=\"wpb_wrapper\">\n\t<div class=\"wpb_text_column wpb_content_element  vc_custom_1618905796944 post-formatting\" >\n\t\t<div class=\"wpb_wrapper\">\n\t\t\t<h3 style=\"text-align: left;\">a recognizable identity<\/h3>\n\n\t\t<\/div>\n\t<\/div>\n\n\t<div class=\"wpb_text_column wpb_content_element  post-formatting\" >\n\t\t<div class=\"wpb_wrapper\">\n\t\t\t<p style=\"text-align: left;\">In keeping with the great tradition of the Ateliers of the past, the Cristal Benito signature has been recognized for three generations of creators: matter of style, art and manner of art, this signature is evident at first glance or in the subtle details that make the difference.<\/p>\n\n\t\t<\/div>\n\t<\/div>\n<\/div><\/div><\/div><div class=\"wpb_column vc_column_container vc_col-sm-4\"><div class=\"vc_column-inner\"><div class=\"wpb_wrapper\"><\/div><\/div><\/div><div class=\"wpb_column vc_column_container vc_col-sm-4\"><div class=\"vc_column-inner\"><div class=\"wpb_wrapper\"><\/div><\/div><\/div><\/div><div class=\"vc_empty_space\"   style=\"height: 40px\"><span class=\"vc_empty_space_inner\"><\/span><\/div><\/div><\/div><\/div><\/div><\/div><div class=\"vc-row-container container\"><div class=\"vc_row wpb_row vc_row-fluid\"><div class=\"wpb_column vc_column_container vc_col-sm-12\"><div class=\"vc_column-inner\"><div class=\"wpb_wrapper\"><div class=\"vc_empty_space\"   style=\"height: 40px\"><span class=\"vc_empty_space_inner\"><\/span><\/div><div class=\"vc_separator wpb_content_element vc_separator_align_center vc_sep_width_100 vc_sep_pos_align_center vc_separator_no_text vc_sep_color_grey\" ><span class=\"vc_sep_holder vc_sep_holder_l\"><span  class=\"vc_sep_line\"><\/span><\/span><span class=\"vc_sep_holder vc_sep_holder_r\"><span  class=\"vc_sep_line\"><\/span><\/span>\n<\/div>\n\t<div  class=\"wpb_single_image wpb_content_element vc_align_center\">\n\t\t\n\t\t<figure class=\"wpb_wrapper vc_figure\">\n\t\t\t<div class=\"vc_single_image-wrapper   vc_box_border_grey\"><img loading=\"lazy\" decoding=\"async\" width=\"300\" height=\"94\" src=\"https:\/\/www.cristal-benito.fr\/wp-content\/uploads\/2021\/02\/Logo-Cristal-et-bronze-by-Cristal-Benito-300x94.jpg\" class=\"vc_single_image-img attachment-medium\" alt=\"\" srcset=\"https:\/\/www.cristal-benito.fr\/wp-content\/uploads\/2021\/02\/Logo-Cristal-et-bronze-by-Cristal-Benito-300x94.jpg 300w, https:\/\/www.cristal-benito.fr\/wp-content\/uploads\/2021\/02\/Logo-Cristal-et-bronze-by-Cristal-Benito-1024x321.jpg 1024w, https:\/\/www.cristal-benito.fr\/wp-content\/uploads\/2021\/02\/Logo-Cristal-et-bronze-by-Cristal-Benito-768x241.jpg 768w, https:\/\/www.cristal-benito.fr\/wp-content\/uploads\/2021\/02\/Logo-Cristal-et-bronze-by-Cristal-Benito-1536x482.jpg 1536w, https:\/\/www.cristal-benito.fr\/wp-content\/uploads\/2021\/02\/Logo-Cristal-et-bronze-by-Cristal-Benito-1612x506.jpg 1612w, https:\/\/www.cristal-benito.fr\/wp-content\/uploads\/2021\/02\/Logo-Cristal-et-bronze-by-Cristal-Benito-1116x350.jpg 1116w, https:\/\/www.cristal-benito.fr\/wp-content\/uploads\/2021\/02\/Logo-Cristal-et-bronze-by-Cristal-Benito-806x253.jpg 806w, https:\/\/www.cristal-benito.fr\/wp-content\/uploads\/2021\/02\/Logo-Cristal-et-bronze-by-Cristal-Benito-558x175.jpg 558w, https:\/\/www.cristal-benito.fr\/wp-content\/uploads\/2021\/02\/Logo-Cristal-et-bronze-by-Cristal-Benito-655x205.jpg 655w, https:\/\/www.cristal-benito.fr\/wp-content\/uploads\/2021\/02\/Logo-Cristal-et-bronze-by-Cristal-Benito.jpg 1648w\" sizes=\"auto, (max-width: 300px) 100vw, 300px\" \/><\/div>\n\t\t<\/figure>\n\t<\/div>\n<div class=\"vc_separator wpb_content_element vc_separator_align_center vc_sep_width_100 vc_sep_pos_align_center vc_separator_no_text vc_sep_color_grey\" ><span class=\"vc_sep_holder vc_sep_holder_l\"><span  class=\"vc_sep_line\"><\/span><\/span><span class=\"vc_sep_holder vc_sep_holder_r\"><span  class=\"vc_sep_line\"><\/span><\/span>\n<\/div><div class=\"vc_empty_space\"   style=\"height: 50px\"><span class=\"vc_empty_space_inner\"><\/span><\/div><\/div><\/div><\/div><\/div><\/div><div class=\"vc-row-container container\"><div class=\"vc_row wpb_row vc_row-fluid\"><div class=\"wpb_column vc_column_container vc_col-sm-1\"><div class=\"vc_column-inner\"><div class=\"wpb_wrapper\"><\/div><\/div><\/div><div class=\"wpb_column vc_column_container vc_col-sm-4\"><div class=\"vc_column-inner\"><div class=\"wpb_wrapper\">\n\t<div class=\"wpb_text_column wpb_content_element  vc_custom_1618905900467 post-formatting\" >\n\t\t<div class=\"wpb_wrapper\">\n\t\t\t<h3 style=\"text-align: right;\">Signed daily items<\/h3>\n\n\t\t<\/div>\n\t<\/div>\n\n\t<div class=\"wpb_text_column wpb_content_element  post-formatting\" >\n\t\t<div class=\"wpb_wrapper\">\n\t\t\t<p style=\"text-align: right;\">Daily items are sublimated under the signature of Franck Benito, who also offers his creative talents to other companies, for tableware, bathroom accessories and other interior decoration items.<\/p>\n\n\t\t<\/div>\n\t<\/div>\n<\/div><\/div><\/div><div class=\"wpb_column vc_column_container vc_col-sm-6\"><div class=\"vc_column-inner\"><div class=\"wpb_wrapper\">\n\t<div  class=\"wpb_single_image wpb_content_element vc_align_left\">\n\t\t\n\t\t<figure class=\"wpb_wrapper vc_figure\">\n\t\t\t<div class=\"vc_single_image-wrapper   vc_box_border_grey\"><img loading=\"lazy\" decoding=\"async\" width=\"850\" height=\"617\" src=\"https:\/\/www.cristal-benito.fr\/wp-content\/uploads\/2021\/02\/Cristal-Bronze_Collection-by-Franck-Benito-1_HD.jpg\" class=\"vc_single_image-img attachment-full\" alt=\"\" srcset=\"https:\/\/www.cristal-benito.fr\/wp-content\/uploads\/2021\/02\/Cristal-Bronze_Collection-by-Franck-Benito-1_HD.jpg 850w, https:\/\/www.cristal-benito.fr\/wp-content\/uploads\/2021\/02\/Cristal-Bronze_Collection-by-Franck-Benito-1_HD-300x218.jpg 300w, https:\/\/www.cristal-benito.fr\/wp-content\/uploads\/2021\/02\/Cristal-Bronze_Collection-by-Franck-Benito-1_HD-768x557.jpg 768w, https:\/\/www.cristal-benito.fr\/wp-content\/uploads\/2021\/02\/Cristal-Bronze_Collection-by-Franck-Benito-1_HD-806x585.jpg 806w, https:\/\/www.cristal-benito.fr\/wp-content\/uploads\/2021\/02\/Cristal-Bronze_Collection-by-Franck-Benito-1_HD-558x405.jpg 558w, https:\/\/www.cristal-benito.fr\/wp-content\/uploads\/2021\/02\/Cristal-Bronze_Collection-by-Franck-Benito-1_HD-655x475.jpg 655w\" sizes=\"auto, (max-width: 850px) 100vw, 850px\" \/><\/div>\n\t\t<\/figure>\n\t<\/div>\n<\/div><\/div><\/div><div class=\"wpb_column vc_column_container vc_col-sm-1\"><div class=\"vc_column-inner\"><div class=\"wpb_wrapper\"><\/div><\/div><\/div><\/div><\/div><div class=\"vc-row-container container\"><div class=\"vc_row wpb_row vc_row-fluid\"><div class=\"wpb_column vc_column_container vc_col-sm-12\"><div class=\"vc_column-inner\"><div class=\"wpb_wrapper\"><div class=\"vc_empty_space\"   style=\"height: 80px\"><span class=\"vc_empty_space_inner\"><\/span><\/div><\/div><\/div><\/div><\/div><\/div><div class=\"vc-row-container container\"><div class=\"vc_row wpb_row vc_row-fluid\"><div class=\"wpb_column vc_column_container vc_col-sm-12 vc_hidden-lg vc_hidden-md vc_hidden-sm\"><div class=\"vc_column-inner\"><div class=\"wpb_wrapper\">\n\t<div class=\"wpb_text_column wpb_content_element  post-formatting\" >\n\t\t<div class=\"wpb_wrapper\">\n\t\t\t<div class=\"page\" title=\"Creation and Excellency\">\n<div class=\"section\">\n<div class=\"layoutArea\">\n<div class=\"column\">\n<h2>Revisiting the classic ranges<\/h2>\n<\/div>\n<\/div>\n<\/div>\n<\/div>\n\n\t\t<\/div>\n\t<\/div>\n<\/div><\/div><\/div><\/div><\/div><div class=\"vc-row-container container\"><div class=\"vc_row wpb_row vc_row-fluid\"><div class=\"wpb_column vc_column_container vc_col-sm-8\"><div class=\"vc_column-inner\"><div class=\"wpb_wrapper\">\n\t<div  class=\"wpb_single_image wpb_content_element vc_align_left\">\n\t\t\n\t\t<figure class=\"wpb_wrapper vc_figure\">\n\t\t\t<div class=\"vc_single_image-wrapper   vc_box_border_grey\"><img loading=\"lazy\" decoding=\"async\" width=\"992\" height=\"441\" src=\"https:\/\/www.cristal-benito.fr\/wp-content\/uploads\/2021\/02\/FS03-A2-661_HD.jpg\" class=\"vc_single_image-img attachment-full\" alt=\"\" srcset=\"https:\/\/www.cristal-benito.fr\/wp-content\/uploads\/2021\/02\/FS03-A2-661_HD.jpg 992w, https:\/\/www.cristal-benito.fr\/wp-content\/uploads\/2021\/02\/FS03-A2-661_HD-300x133.jpg 300w, https:\/\/www.cristal-benito.fr\/wp-content\/uploads\/2021\/02\/FS03-A2-661_HD-768x341.jpg 768w, https:\/\/www.cristal-benito.fr\/wp-content\/uploads\/2021\/02\/FS03-A2-661_HD-806x358.jpg 806w, https:\/\/www.cristal-benito.fr\/wp-content\/uploads\/2021\/02\/FS03-A2-661_HD-558x248.jpg 558w, https:\/\/www.cristal-benito.fr\/wp-content\/uploads\/2021\/02\/FS03-A2-661_HD-655x291.jpg 655w\" sizes=\"auto, (max-width: 992px) 100vw, 992px\" \/><\/div>\n\t\t<\/figure>\n\t<\/div>\n<\/div><\/div><\/div><div class=\"wpb_column vc_column_container vc_col-sm-1 vc_hidden-xs\"><div class=\"vc_column-inner vc_custom_1613901970222\"><div class=\"wpb_wrapper\">\n\t<div class=\"wpb_text_column wpb_content_element  post-formatting\" >\n\t\t<div class=\"wpb_wrapper\">\n\t\t\t<div class=\"page\" title=\"Creation and Excellency\">\n<div class=\"section\">\n<div class=\"layoutArea\">\n<div class=\"column\">\n<h2>Revisiting the classic ranges<\/h2>\n<\/div>\n<\/div>\n<\/div>\n<\/div>\n\n\t\t<\/div>\n\t<\/div>\n<\/div><\/div><\/div><div class=\"wpb_column vc_column_container vc_col-sm-1\"><div class=\"vc_column-inner\"><div class=\"wpb_wrapper\"><\/div><\/div><\/div><\/div><\/div><div class=\"vc-row-container container\"><div class=\"vc_row wpb_row vc_row-fluid\"><div class=\"wpb_column vc_column_container vc_col-sm-12\"><div class=\"vc_column-inner\"><div class=\"wpb_wrapper\"><div class=\"vc_empty_space\"   style=\"height: 80px\"><span class=\"vc_empty_space_inner\"><\/span><\/div><\/div><\/div><\/div><\/div><\/div><div class=\"vc-row-container container\"><div class=\"vc_row wpb_row vc_row-fluid\"><div class=\"wpb_column vc_column_container vc_col-sm-1\"><div class=\"vc_column-inner\"><div class=\"wpb_wrapper\"><\/div><\/div><\/div><div class=\"wpb_column vc_column_container vc_col-sm-4\"><div class=\"vc_column-inner\"><div class=\"wpb_wrapper\">\n\t<div class=\"wpb_text_column wpb_content_element  post-formatting\" >\n\t\t<div class=\"wpb_wrapper\">\n\t\t\t<p style=\"text-align: right;\">Franck Benito adds his signature with two contemporary crystal cuts (Honeycomb and Bamboo) to a classic range of bathroom accessories from Cristal &amp; Bronze.<\/p>\n\n\t\t<\/div>\n\t<\/div>\n<\/div><\/div><\/div><div class=\"wpb_column vc_column_container vc_col-sm-7\"><div class=\"vc_column-inner\"><div class=\"wpb_wrapper\">\n\t<div  class=\"wpb_single_image wpb_content_element vc_align_center\">\n\t\t\n\t\t<figure class=\"wpb_wrapper vc_figure\">\n\t\t\t<a href=\"https:\/\/www.cristal-benito.fr\/videos_cristal_benito\/signature-cristal-benito.mp4\" target=\"_blank\" class=\"vc_single_image-wrapper   vc_box_border_grey\"><img loading=\"lazy\" decoding=\"async\" width=\"2560\" height=\"1442\" src=\"https:\/\/www.cristal-benito.fr\/wp-content\/uploads\/2021\/02\/Visuel-video-cristal-et-bronze-scaled.jpg\" class=\"vc_single_image-img attachment-full\" alt=\"\" srcset=\"https:\/\/www.cristal-benito.fr\/wp-content\/uploads\/2021\/02\/Visuel-video-cristal-et-bronze-scaled.jpg 2560w, https:\/\/www.cristal-benito.fr\/wp-content\/uploads\/2021\/02\/Visuel-video-cristal-et-bronze-300x169.jpg 300w, https:\/\/www.cristal-benito.fr\/wp-content\/uploads\/2021\/02\/Visuel-video-cristal-et-bronze-1024x577.jpg 1024w, https:\/\/www.cristal-benito.fr\/wp-content\/uploads\/2021\/02\/Visuel-video-cristal-et-bronze-768x433.jpg 768w, https:\/\/www.cristal-benito.fr\/wp-content\/uploads\/2021\/02\/Visuel-video-cristal-et-bronze-1536x865.jpg 1536w, https:\/\/www.cristal-benito.fr\/wp-content\/uploads\/2021\/02\/Visuel-video-cristal-et-bronze-2048x1153.jpg 2048w, https:\/\/www.cristal-benito.fr\/wp-content\/uploads\/2021\/02\/Visuel-video-cristal-et-bronze-1612x908.jpg 1612w, https:\/\/www.cristal-benito.fr\/wp-content\/uploads\/2021\/02\/Visuel-video-cristal-et-bronze-1116x629.jpg 1116w, https:\/\/www.cristal-benito.fr\/wp-content\/uploads\/2021\/02\/Visuel-video-cristal-et-bronze-806x454.jpg 806w, https:\/\/www.cristal-benito.fr\/wp-content\/uploads\/2021\/02\/Visuel-video-cristal-et-bronze-558x314.jpg 558w, https:\/\/www.cristal-benito.fr\/wp-content\/uploads\/2021\/02\/Visuel-video-cristal-et-bronze-655x369.jpg 655w\" sizes=\"auto, (max-width: 2560px) 100vw, 2560px\" \/><\/a>\n\t\t<\/figure>\n\t<\/div>\n<\/div><\/div><\/div><\/div><\/div><div class=\"vc-row-container container\"><div class=\"vc_row wpb_row vc_row-fluid\"><div class=\"wpb_column vc_column_container vc_col-sm-2\"><div class=\"vc_column-inner\"><div class=\"wpb_wrapper\"><\/div><\/div><\/div><div class=\"wpb_column vc_column_container vc_col-sm-2\"><div class=\"vc_column-inner\"><div class=\"wpb_wrapper\">\n\t<div class=\"wpb_text_column wpb_content_element  post-formatting\" >\n\t\t<div class=\"wpb_wrapper\">\n\t\t\t<div class=\"page\" title=\"Creation and Excellency\">\n<div class=\"section\">\n<div class=\"layoutArea\">\n<div class=\"column\">\n<h2>Contemporary cristal cuts<\/h2>\n<\/div>\n<\/div>\n<\/div>\n<\/div>\n\n\t\t<\/div>\n\t<\/div>\n<\/div><\/div><\/div><div class=\"wpb_column vc_column_container vc_col-sm-2\"><div class=\"vc_column-inner\"><div class=\"wpb_wrapper\"><\/div><\/div><\/div><div class=\"wpb_column vc_column_container vc_col-sm-2\"><div class=\"vc_column-inner\"><div class=\"wpb_wrapper\"><\/div><\/div><\/div><div class=\"wpb_column vc_column_container vc_col-sm-2\"><div class=\"vc_column-inner\"><div class=\"wpb_wrapper\"><\/div><\/div><\/div><div class=\"wpb_column vc_column_container vc_col-sm-2\"><div class=\"vc_column-inner\"><div class=\"wpb_wrapper\"><\/div><\/div><\/div><\/div><\/div><div class=\"vc-row-container container\"><div class=\"vc_row wpb_row vc_row-fluid\"><div class=\"wpb_column vc_column_container vc_col-sm-12\"><div class=\"vc_column-inner\"><div class=\"wpb_wrapper\">\n\t<div  class=\"wpb_single_image wpb_content_element vc_align_center\">\n\t\t\n\t\t<figure class=\"wpb_wrapper vc_figure\">\n\t\t\t<div class=\"vc_single_image-wrapper   vc_box_border_grey\"><img loading=\"lazy\" decoding=\"async\" width=\"1163\" height=\"723\" src=\"https:\/\/www.cristal-benito.fr\/wp-content\/uploads\/2021\/02\/Cristal-et-Bronze-113.jpg\" class=\"vc_single_image-img attachment-full\" alt=\"\" srcset=\"https:\/\/www.cristal-benito.fr\/wp-content\/uploads\/2021\/02\/Cristal-et-Bronze-113.jpg 1163w, https:\/\/www.cristal-benito.fr\/wp-content\/uploads\/2021\/02\/Cristal-et-Bronze-113-300x187.jpg 300w, https:\/\/www.cristal-benito.fr\/wp-content\/uploads\/2021\/02\/Cristal-et-Bronze-113-1024x637.jpg 1024w, https:\/\/www.cristal-benito.fr\/wp-content\/uploads\/2021\/02\/Cristal-et-Bronze-113-768x477.jpg 768w, https:\/\/www.cristal-benito.fr\/wp-content\/uploads\/2021\/02\/Cristal-et-Bronze-113-1116x694.jpg 1116w, https:\/\/www.cristal-benito.fr\/wp-content\/uploads\/2021\/02\/Cristal-et-Bronze-113-806x501.jpg 806w, https:\/\/www.cristal-benito.fr\/wp-content\/uploads\/2021\/02\/Cristal-et-Bronze-113-558x347.jpg 558w, https:\/\/www.cristal-benito.fr\/wp-content\/uploads\/2021\/02\/Cristal-et-Bronze-113-655x407.jpg 655w\" sizes=\"auto, (max-width: 1163px) 100vw, 1163px\" \/><\/div>\n\t\t<\/figure>\n\t<\/div>\n<\/div><\/div><\/div><\/div><\/div><div class=\"vc-row-container container\"><div class=\"vc_row wpb_row vc_row-fluid\"><div class=\"wpb_column vc_column_container vc_col-sm-12\"><div class=\"vc_column-inner\"><div class=\"wpb_wrapper\"><div class=\"vc_empty_space\"   style=\"height: 80px\"><span class=\"vc_empty_space_inner\"><\/span><\/div><\/div><\/div><\/div><\/div><\/div>","protected":false},"excerpt":{"rendered":"Une identit\u00e9 reconnaissable Fid\u00e8le \u00e0 la grande tradition des Ateliers d'autrefois, la signature Cristal Benito se reconna\u00eet depuis trois g\u00e9n\u00e9rations de cr\u00e9ateurs : question de style, d'art et de mani\u00e8re d'art, cette signature s'impose au premier coup d\u2019\u0153il ou dans les subtils d\u00e9tails qui font la diff\u00e9rence. Des objets du quotidien sign\u00e9s Les objets du&hellip;","protected":false},"author":1,"featured_media":0,"parent":0,"menu_order":0,"comment_status":"closed","ping_status":"closed","template":"","meta":{"_monsterinsights_skip_tracking":false,"_monsterinsights_sitenote_active":false,"_monsterinsights_sitenote_note":"","_monsterinsights_sitenote_category":0,"footnotes":""},"class_list":["post-848","page","type-page","status-publish","hentry"],"aioseo_notices":[],"_links":{"self":[{"href":"https:\/\/www.cristal-benito.fr\/en\/wp-json\/wp\/v2\/pages\/848","targetHints":{"allow":["GET"]}}],"collection":[{"href":"https:\/\/www.cristal-benito.fr\/en\/wp-json\/wp\/v2\/pages"}],"about":[{"href":"https:\/\/www.cristal-benito.fr\/en\/wp-json\/wp\/v2\/types\/page"}],"author":[{"embeddable":true,"href":"https:\/\/www.cristal-benito.fr\/en\/wp-json\/wp\/v2\/users\/1"}],"replies":[{"embeddable":true,"href":"https:\/\/www.cristal-benito.fr\/en\/wp-json\/wp\/v2\/comments?post=848"}],"version-history":[{"count":43,"href":"https:\/\/www.cristal-benito.fr\/en\/wp-json\/wp\/v2\/pages\/848\/revisions"}],"predecessor-version":[{"id":2355,"href":"https:\/\/www.cristal-benito.fr\/en\/wp-json\/wp\/v2\/pages\/848\/revisions\/2355"}],"wp:attachment":[{"href":"https:\/\/www.cristal-benito.fr\/en\/wp-json\/wp\/v2\/media?parent=848"}],"curies":[{"name":"wp","href":"https:\/\/api.w.org\/{rel}","templated":true}]}}