{"id":859,"date":"2021-01-31T21:50:19","date_gmt":"2021-01-31T20:50:19","guid":{"rendered":"https:\/\/www.cristal-benito.fr\/dev\/?page_id=859"},"modified":"2021-05-21T11:41:06","modified_gmt":"2021-05-21T09:41:06","slug":"restauration","status":"publish","type":"page","link":"https:\/\/www.cristal-benito.fr\/en\/restauration\/","title":{"rendered":"Restoration"},"content":{"rendered":"<div class=\"vc-row-container container\"><div class=\"vc_row wpb_row vc_row-fluid\"><div class=\"wpb_column vc_column_container vc_col-sm-12\"><div class=\"vc_column-inner\"><div class=\"wpb_wrapper\"><div class=\"vc_empty_space\"   style=\"height: 50px\"><span class=\"vc_empty_space_inner\"><\/span><\/div><\/div><\/div><\/div><\/div><\/div><div class=\"vc-row-container container\"><div class=\"vc_row wpb_row vc_row-fluid vc_column-gap-10\"><div class=\"wpb_column vc_column_container vc_col-sm-1\"><div class=\"vc_column-inner\"><div class=\"wpb_wrapper\"><\/div><\/div><\/div><div class=\"wpb_column vc_column_container vc_col-sm-4 vc_hidden-xs\"><div class=\"vc_column-inner\"><div class=\"wpb_wrapper\">\n\t<div  class=\"wpb_single_image wpb_content_element vc_align_center\">\n\t\t\n\t\t<figure class=\"wpb_wrapper vc_figure\">\n\t\t\t<div class=\"vc_single_image-wrapper   vc_box_border_grey\"><img loading=\"lazy\" decoding=\"async\" width=\"747\" height=\"1134\" src=\"https:\/\/www.cristal-benito.fr\/wp-content\/uploads\/2021\/03\/Candelabre.jpg\" class=\"vc_single_image-img attachment-full\" alt=\"\" srcset=\"https:\/\/www.cristal-benito.fr\/wp-content\/uploads\/2021\/03\/Candelabre.jpg 747w, https:\/\/www.cristal-benito.fr\/wp-content\/uploads\/2021\/03\/Candelabre-198x300.jpg 198w, https:\/\/www.cristal-benito.fr\/wp-content\/uploads\/2021\/03\/Candelabre-675x1024.jpg 675w, https:\/\/www.cristal-benito.fr\/wp-content\/uploads\/2021\/03\/Candelabre-8x12.jpg 8w, https:\/\/www.cristal-benito.fr\/wp-content\/uploads\/2021\/03\/Candelabre-558x847.jpg 558w, https:\/\/www.cristal-benito.fr\/wp-content\/uploads\/2021\/03\/Candelabre-655x994.jpg 655w\" sizes=\"auto, (max-width: 747px) 100vw, 747px\" \/><\/div>\n\t\t<\/figure>\n\t<\/div>\n<div class=\"vc_row wpb_row vc_inner vc_row-fluid\"><div class=\"wpb_column vc_column_container vc_col-sm-3\"><div class=\"vc_column-inner\"><div class=\"wpb_wrapper\"><\/div><\/div><\/div><div class=\"wpb_column vc_column_container vc_col-sm-9\"><div class=\"vc_column-inner\"><div class=\"wpb_wrapper\">\n\t<div class=\"wpb_text_column wpb_content_element  vc_custom_1619107449078 post-formatting\" >\n\t\t<div class=\"wpb_wrapper\">\n\t\t\t<h3 style=\"text-align: right;\" class=\"translation-block\">18th CENTURY CANDELABRAS. RESIDENCE OF THE UNITED STATES EMBASSY, PARIS<\/h3>\n<div class=\"page\" title=\"Creation and Excellency\">\n<div class=\"section\">\n<div class=\"layoutArea\">\n<div class=\"column\">\n<p style=\"text-align: right;\" class=\"translation-block\">These two very beautiful 18th century candelabras of about 1m high required a complete restoration operation: dismantling, diagnosis of the cut crystal elements to be taken back, to be replaced, identical restitution of the missing parts (chandelier arms, cups, bob\u00e8ches) and finally reassembling to give back to these two exceptional pieces their former appearance and brightness.<\/p>\n<\/div>\n<\/div>\n<\/div>\n<\/div>\n\n\t\t<\/div>\n\t<\/div>\n<\/div><\/div><\/div><\/div><\/div><\/div><\/div><div class=\"wpb_column vc_column_container vc_col-sm-6\"><div class=\"vc_column-inner\"><div class=\"wpb_wrapper\">\n\t<div  class=\"wpb_single_image wpb_content_element vc_align_center  vc_custom_1617124131157\">\n\t\t\n\t\t<figure class=\"wpb_wrapper vc_figure\">\n\t\t\t<div class=\"vc_single_image-wrapper   vc_box_border_grey\"><img loading=\"lazy\" decoding=\"async\" width=\"1134\" height=\"768\" src=\"https:\/\/www.cristal-benito.fr\/wp-content\/uploads\/2021\/03\/Candelabre-2.jpg\" class=\"vc_single_image-img attachment-full\" alt=\"\" srcset=\"https:\/\/www.cristal-benito.fr\/wp-content\/uploads\/2021\/03\/Candelabre-2.jpg 1134w, https:\/\/www.cristal-benito.fr\/wp-content\/uploads\/2021\/03\/Candelabre-2-300x203.jpg 300w, https:\/\/www.cristal-benito.fr\/wp-content\/uploads\/2021\/03\/Candelabre-2-1024x694.jpg 1024w, https:\/\/www.cristal-benito.fr\/wp-content\/uploads\/2021\/03\/Candelabre-2-768x520.jpg 768w, https:\/\/www.cristal-benito.fr\/wp-content\/uploads\/2021\/03\/Candelabre-2-16x12.jpg 16w, https:\/\/www.cristal-benito.fr\/wp-content\/uploads\/2021\/03\/Candelabre-2-1116x756.jpg 1116w, https:\/\/www.cristal-benito.fr\/wp-content\/uploads\/2021\/03\/Candelabre-2-806x546.jpg 806w, https:\/\/www.cristal-benito.fr\/wp-content\/uploads\/2021\/03\/Candelabre-2-558x378.jpg 558w, https:\/\/www.cristal-benito.fr\/wp-content\/uploads\/2021\/03\/Candelabre-2-655x444.jpg 655w\" sizes=\"auto, (max-width: 1134px) 100vw, 1134px\" \/><\/div>\n\t\t<\/figure>\n\t<\/div>\n<div class=\"vc_row wpb_row vc_inner vc_row-fluid\"><div class=\"wpb_column vc_column_container vc_col-sm-12\"><div class=\"vc_column-inner\"><div class=\"wpb_wrapper\">\n\t<div class=\"wpb_text_column wpb_content_element  post-formatting\" >\n\t\t<div class=\"wpb_wrapper\">\n\t\t\t<h1>Restoration<\/h1>\n<p style=\"text-align: left;\">The creation of sophisticated pieces allows Franck Benito to understand the complexity of pieces created by other artists and craftsmenof crystal.This knowledge is invaluable when the restoration of a damaged piece is to be considered. Individuals, institutions and famous crystal companies (Baccarat, Daum, Lalique,...) also turn to Cristal Benito to try to repair what an accident or the ravages of time may have done to a rare piece.<\/p>\n\n\t\t<\/div>\n\t<\/div>\n<\/div><\/div><\/div><\/div><div class=\"vc_row wpb_row vc_inner vc_row-fluid\"><div class=\"wpb_column vc_column_container vc_col-sm-12\"><div class=\"vc_column-inner\"><div class=\"wpb_wrapper\">\n\t<div  class=\"wpb_single_image wpb_content_element vc_align_left\">\n\t\t\n\t\t<figure class=\"wpb_wrapper vc_figure\">\n\t\t\t<div class=\"vc_single_image-wrapper   vc_box_border_grey\"><img loading=\"lazy\" decoding=\"async\" width=\"1097\" height=\"733\" src=\"https:\/\/www.cristal-benito.fr\/wp-content\/uploads\/2021\/03\/Residence-Ambassade-des-etats-unis-a-paris.jpg\" class=\"vc_single_image-img attachment-full\" alt=\"\" srcset=\"https:\/\/www.cristal-benito.fr\/wp-content\/uploads\/2021\/03\/Residence-Ambassade-des-etats-unis-a-paris.jpg 1097w, https:\/\/www.cristal-benito.fr\/wp-content\/uploads\/2021\/03\/Residence-Ambassade-des-etats-unis-a-paris-300x200.jpg 300w, https:\/\/www.cristal-benito.fr\/wp-content\/uploads\/2021\/03\/Residence-Ambassade-des-etats-unis-a-paris-1024x684.jpg 1024w, https:\/\/www.cristal-benito.fr\/wp-content\/uploads\/2021\/03\/Residence-Ambassade-des-etats-unis-a-paris-768x513.jpg 768w, https:\/\/www.cristal-benito.fr\/wp-content\/uploads\/2021\/03\/Residence-Ambassade-des-etats-unis-a-paris-16x12.jpg 16w, https:\/\/www.cristal-benito.fr\/wp-content\/uploads\/2021\/03\/Residence-Ambassade-des-etats-unis-a-paris-806x539.jpg 806w, https:\/\/www.cristal-benito.fr\/wp-content\/uploads\/2021\/03\/Residence-Ambassade-des-etats-unis-a-paris-558x373.jpg 558w, https:\/\/www.cristal-benito.fr\/wp-content\/uploads\/2021\/03\/Residence-Ambassade-des-etats-unis-a-paris-655x438.jpg 655w\" sizes=\"auto, (max-width: 1097px) 100vw, 1097px\" \/><\/div><figcaption class=\"vc_figure-caption\">\u00a9 State Department<\/figcaption>\n\t\t<\/figure>\n\t<\/div>\n<\/div><\/div><\/div><\/div><\/div><\/div><\/div><div class=\"wpb_column vc_column_container vc_col-sm-1\"><div class=\"vc_column-inner\"><div class=\"wpb_wrapper\"><\/div><\/div><\/div><div class=\"wpb_column vc_column_container vc_col-sm-12 vc_hidden-lg vc_hidden-md vc_hidden-sm\"><div class=\"vc_column-inner\"><div class=\"wpb_wrapper\">\n\t<div  class=\"wpb_single_image wpb_content_element vc_align_center\">\n\t\t\n\t\t<figure class=\"wpb_wrapper vc_figure\">\n\t\t\t<div class=\"vc_single_image-wrapper   vc_box_border_grey\"><img loading=\"lazy\" decoding=\"async\" width=\"747\" height=\"1134\" src=\"https:\/\/www.cristal-benito.fr\/wp-content\/uploads\/2021\/03\/Candelabre.jpg\" class=\"vc_single_image-img attachment-full\" alt=\"\" srcset=\"https:\/\/www.cristal-benito.fr\/wp-content\/uploads\/2021\/03\/Candelabre.jpg 747w, https:\/\/www.cristal-benito.fr\/wp-content\/uploads\/2021\/03\/Candelabre-198x300.jpg 198w, https:\/\/www.cristal-benito.fr\/wp-content\/uploads\/2021\/03\/Candelabre-675x1024.jpg 675w, https:\/\/www.cristal-benito.fr\/wp-content\/uploads\/2021\/03\/Candelabre-8x12.jpg 8w, https:\/\/www.cristal-benito.fr\/wp-content\/uploads\/2021\/03\/Candelabre-558x847.jpg 558w, https:\/\/www.cristal-benito.fr\/wp-content\/uploads\/2021\/03\/Candelabre-655x994.jpg 655w\" sizes=\"auto, (max-width: 747px) 100vw, 747px\" \/><\/div>\n\t\t<\/figure>\n\t<\/div>\n\n\t<div class=\"wpb_text_column wpb_content_element  vc_custom_1621590051131 post-formatting\" >\n\t\t<div class=\"wpb_wrapper\">\n\t\t\t<h3 style=\"text-align: left;\" class=\"translation-block\">18th CENTURY CANDELABRAS. RESIDENCE OF THE UNITED STATES EMBASSY, PARIS<\/h3>\n<div class=\"page\" title=\"Creation and Excellency\">\n<div class=\"section\">\n<div class=\"layoutArea\">\n<div class=\"column\">\n<p style=\"text-align: left;\" class=\"translation-block\">These two very beautiful 18th century candelabras of about 1m high required a complete restoration operation: dismantling, diagnosis of the cut crystal elements to be taken back, to be replaced, identical restitution of the missing parts (chandelier arms, cups, bob\u00e8ches) and finally reassembling to give back to these two exceptional pieces their former appearance and brightness.<\/p>\n<\/div>\n<\/div>\n<\/div>\n<\/div>\n\n\t\t<\/div>\n\t<\/div>\n<\/div><\/div><\/div><\/div><\/div><div class=\"vc-row-container container\"><div class=\"vc_row wpb_row vc_row-fluid vc_column-gap-10\"><div class=\"wpb_column vc_column_container vc_col-sm-1\"><div class=\"vc_column-inner\"><div class=\"wpb_wrapper\"><\/div><\/div><\/div><div class=\"wpb_column vc_column_container vc_col-sm-10\"><div class=\"vc_column-inner\"><div class=\"wpb_wrapper\"><div class=\"vc_empty_space\"   style=\"height: 20px\"><span class=\"vc_empty_space_inner\"><\/span><\/div><div class=\"vc_separator wpb_content_element vc_separator_align_center vc_sep_width_100 vc_sep_pos_align_center vc_separator_no_text vc_sep_color_grey\" ><span class=\"vc_sep_holder vc_sep_holder_l\"><span  class=\"vc_sep_line\"><\/span><\/span><span class=\"vc_sep_holder vc_sep_holder_r\"><span  class=\"vc_sep_line\"><\/span><\/span>\n<\/div><div class=\"vc_empty_space\"   style=\"height: 30px\"><span class=\"vc_empty_space_inner\"><\/span><\/div>\n\t<div  class=\"wpb_single_image wpb_content_element vc_align_center\">\n\t\t\n\t\t<figure class=\"wpb_wrapper vc_figure\">\n\t\t\t<div class=\"vc_single_image-wrapper   vc_box_border_grey\"><img loading=\"lazy\" decoding=\"async\" width=\"1120\" height=\"718\" src=\"https:\/\/www.cristal-benito.fr\/wp-content\/uploads\/2021\/03\/Eileen-Gray-photo-Manuel-Bougot-pour-Ideat2.jpg\" class=\"vc_single_image-img attachment-full\" alt=\"\" srcset=\"https:\/\/www.cristal-benito.fr\/wp-content\/uploads\/2021\/03\/Eileen-Gray-photo-Manuel-Bougot-pour-Ideat2.jpg 1120w, https:\/\/www.cristal-benito.fr\/wp-content\/uploads\/2021\/03\/Eileen-Gray-photo-Manuel-Bougot-pour-Ideat2-300x192.jpg 300w, https:\/\/www.cristal-benito.fr\/wp-content\/uploads\/2021\/03\/Eileen-Gray-photo-Manuel-Bougot-pour-Ideat2-1024x656.jpg 1024w, https:\/\/www.cristal-benito.fr\/wp-content\/uploads\/2021\/03\/Eileen-Gray-photo-Manuel-Bougot-pour-Ideat2-768x492.jpg 768w, https:\/\/www.cristal-benito.fr\/wp-content\/uploads\/2021\/03\/Eileen-Gray-photo-Manuel-Bougot-pour-Ideat2-16x10.jpg 16w, https:\/\/www.cristal-benito.fr\/wp-content\/uploads\/2021\/03\/Eileen-Gray-photo-Manuel-Bougot-pour-Ideat2-1116x715.jpg 1116w, https:\/\/www.cristal-benito.fr\/wp-content\/uploads\/2021\/03\/Eileen-Gray-photo-Manuel-Bougot-pour-Ideat2-806x517.jpg 806w, https:\/\/www.cristal-benito.fr\/wp-content\/uploads\/2021\/03\/Eileen-Gray-photo-Manuel-Bougot-pour-Ideat2-558x358.jpg 558w, https:\/\/www.cristal-benito.fr\/wp-content\/uploads\/2021\/03\/Eileen-Gray-photo-Manuel-Bougot-pour-Ideat2-655x420.jpg 655w\" sizes=\"auto, (max-width: 1120px) 100vw, 1120px\" \/><\/div>\n\t\t<\/figure>\n\t<\/div>\n<\/div><\/div><\/div><div class=\"wpb_column vc_column_container vc_col-sm-1\"><div class=\"vc_column-inner\"><div class=\"wpb_wrapper\"><\/div><\/div><\/div><\/div><\/div><div class=\"vc-row-container container\"><div class=\"vc_row wpb_row vc_row-fluid\"><div class=\"wpb_column vc_column_container vc_col-sm-1\"><div class=\"vc_column-inner\"><div class=\"wpb_wrapper\"><\/div><\/div><\/div><div class=\"wpb_column vc_column_container vc_col-sm-4\"><div class=\"vc_column-inner\"><div class=\"wpb_wrapper\">\n\t<div  class=\"wpb_single_image wpb_content_element vc_align_center\">\n\t\t\n\t\t<figure class=\"wpb_wrapper vc_figure\">\n\t\t\t<div class=\"vc_single_image-wrapper   vc_box_border_grey\"><img loading=\"lazy\" decoding=\"async\" width=\"781\" height=\"1175\" src=\"https:\/\/www.cristal-benito.fr\/wp-content\/uploads\/2021\/05\/manuel-bougot-2020_mars_benito_00089.jpg\" class=\"vc_single_image-img attachment-full\" alt=\"\" srcset=\"https:\/\/www.cristal-benito.fr\/wp-content\/uploads\/2021\/05\/manuel-bougot-2020_mars_benito_00089.jpg 781w, https:\/\/www.cristal-benito.fr\/wp-content\/uploads\/2021\/05\/manuel-bougot-2020_mars_benito_00089-199x300.jpg 199w, https:\/\/www.cristal-benito.fr\/wp-content\/uploads\/2021\/05\/manuel-bougot-2020_mars_benito_00089-681x1024.jpg 681w, https:\/\/www.cristal-benito.fr\/wp-content\/uploads\/2021\/05\/manuel-bougot-2020_mars_benito_00089-768x1155.jpg 768w, https:\/\/www.cristal-benito.fr\/wp-content\/uploads\/2021\/05\/manuel-bougot-2020_mars_benito_00089-8x12.jpg 8w, https:\/\/www.cristal-benito.fr\/wp-content\/uploads\/2021\/05\/manuel-bougot-2020_mars_benito_00089-558x840.jpg 558w, https:\/\/www.cristal-benito.fr\/wp-content\/uploads\/2021\/05\/manuel-bougot-2020_mars_benito_00089-655x985.jpg 655w\" sizes=\"auto, (max-width: 781px) 100vw, 781px\" \/><\/div>\n\t\t<\/figure>\n\t<\/div>\n\n\t<div  class=\"wpb_single_image wpb_content_element vc_align_center\">\n\t\t\n\t\t<figure class=\"wpb_wrapper vc_figure\">\n\t\t\t<div class=\"vc_single_image-wrapper   vc_box_border_grey\"><img loading=\"lazy\" decoding=\"async\" width=\"754\" height=\"773\" src=\"https:\/\/www.cristal-benito.fr\/wp-content\/uploads\/2021\/05\/PHOTO-2021-04-30-20-45-45.jpg\" class=\"vc_single_image-img attachment-full\" alt=\"\" srcset=\"https:\/\/www.cristal-benito.fr\/wp-content\/uploads\/2021\/05\/PHOTO-2021-04-30-20-45-45.jpg 754w, https:\/\/www.cristal-benito.fr\/wp-content\/uploads\/2021\/05\/PHOTO-2021-04-30-20-45-45-293x300.jpg 293w, https:\/\/www.cristal-benito.fr\/wp-content\/uploads\/2021\/05\/PHOTO-2021-04-30-20-45-45-12x12.jpg 12w, https:\/\/www.cristal-benito.fr\/wp-content\/uploads\/2021\/05\/PHOTO-2021-04-30-20-45-45-558x572.jpg 558w, https:\/\/www.cristal-benito.fr\/wp-content\/uploads\/2021\/05\/PHOTO-2021-04-30-20-45-45-655x672.jpg 655w\" sizes=\"auto, (max-width: 754px) 100vw, 754px\" \/><\/div>\n\t\t<\/figure>\n\t<\/div>\n<\/div><\/div><\/div><div class=\"wpb_column vc_column_container vc_col-sm-6\"><div class=\"vc_column-inner\"><div class=\"wpb_wrapper\">\n\t<div  class=\"wpb_single_image wpb_content_element vc_align_center\">\n\t\t\n\t\t<figure class=\"wpb_wrapper vc_figure\">\n\t\t\t<div class=\"vc_single_image-wrapper   vc_box_border_grey\"><img loading=\"lazy\" decoding=\"async\" width=\"850\" height=\"547\" src=\"https:\/\/www.cristal-benito.fr\/wp-content\/uploads\/2021\/04\/2021_E1027_EG_07364\u00a9ManuelBougot.jpg\" class=\"vc_single_image-img attachment-full\" alt=\"\" srcset=\"https:\/\/www.cristal-benito.fr\/wp-content\/uploads\/2021\/04\/2021_E1027_EG_07364\u00a9ManuelBougot.jpg 850w, https:\/\/www.cristal-benito.fr\/wp-content\/uploads\/2021\/04\/2021_E1027_EG_07364\u00a9ManuelBougot-300x193.jpg 300w, https:\/\/www.cristal-benito.fr\/wp-content\/uploads\/2021\/04\/2021_E1027_EG_07364\u00a9ManuelBougot-768x494.jpg 768w, https:\/\/www.cristal-benito.fr\/wp-content\/uploads\/2021\/04\/2021_E1027_EG_07364\u00a9ManuelBougot-16x10.jpg 16w, https:\/\/www.cristal-benito.fr\/wp-content\/uploads\/2021\/04\/2021_E1027_EG_07364\u00a9ManuelBougot-806x519.jpg 806w, https:\/\/www.cristal-benito.fr\/wp-content\/uploads\/2021\/04\/2021_E1027_EG_07364\u00a9ManuelBougot-558x359.jpg 558w, https:\/\/www.cristal-benito.fr\/wp-content\/uploads\/2021\/04\/2021_E1027_EG_07364\u00a9ManuelBougot-655x422.jpg 655w\" sizes=\"auto, (max-width: 850px) 100vw, 850px\" \/><\/div>\n\t\t<\/figure>\n\t<\/div>\n<div class=\"vc_row wpb_row vc_inner vc_row-fluid\"><div class=\"wpb_column vc_column_container vc_col-sm-8\"><div class=\"vc_column-inner\"><div class=\"wpb_wrapper\">\n\t<div class=\"wpb_text_column wpb_content_element  post-formatting\" >\n\t\t<div class=\"wpb_wrapper\">\n\t\t\t<h3 style=\"text-align: left;\">EILEEN GRAY'S VILLA IS BACK TO ITS FORMER GLORY!<\/h3>\n<p style=\"text-align: left;\" class=\"translation-block\">Villa E-1027 is a seaside house designed by Eileen Gray and Jean Badovici in Roquebrune-Cap-Martin in the Alpes-Maritimes in France. It is a typical example of modern architecture, designed between 1926 and 1929.\nCristal Benito participated in its restoration with the creation of large cut glass panels to cover partitions, furniture doors and exterior woodwork. Originally, the glass was printed with diamond points and striated glass manufactured industrially in the 1920s. Since the machines no longer exist, it was necessary to reproduce these glasses identically in an artisanal way. Several hundred hours of work were necessary to meticulously cut these panels!<\/p>\n<h6 style=\"text-align: left;\">Command: DDA architectes<br \/>\nPhotos: Manuel Bougot<\/h6>\n\n\t\t<\/div>\n\t<\/div>\n<\/div><\/div><\/div><div class=\"wpb_column vc_column_container vc_col-sm-4\"><div class=\"vc_column-inner\"><div class=\"wpb_wrapper\"><\/div><\/div><\/div><\/div><\/div><\/div><\/div><div class=\"wpb_column vc_column_container vc_col-sm-1\"><div class=\"vc_column-inner\"><div class=\"wpb_wrapper\"><\/div><\/div><\/div><\/div><\/div><div class=\"vc-row-container container\"><div class=\"vc_row wpb_row vc_row-fluid\"><div class=\"wpb_column vc_column_container vc_col-sm-1\"><div class=\"vc_column-inner\"><div class=\"wpb_wrapper\"><\/div><\/div><\/div><div class=\"wpb_column vc_column_container vc_col-sm-10\"><div class=\"vc_column-inner\"><div class=\"wpb_wrapper\"><div class=\"vc_row wpb_row vc_inner vc_row-fluid\"><div class=\"wpb_column vc_column_container vc_col-sm-6\"><div class=\"vc_column-inner\"><div class=\"wpb_wrapper\"><\/div><\/div><\/div><div class=\"wpb_column vc_column_container vc_col-sm-6\"><div class=\"vc_column-inner\"><div class=\"wpb_wrapper\"><\/div><\/div><\/div><\/div><div class=\"vc_empty_space\"   style=\"height: 20px\"><span class=\"vc_empty_space_inner\"><\/span><\/div><div class=\"vc_separator wpb_content_element vc_separator_align_center vc_sep_width_100 vc_sep_pos_align_center vc_separator_no_text vc_sep_color_grey\" ><span class=\"vc_sep_holder vc_sep_holder_l\"><span  class=\"vc_sep_line\"><\/span><\/span><span class=\"vc_sep_holder vc_sep_holder_r\"><span  class=\"vc_sep_line\"><\/span><\/span>\n<\/div><div class=\"vc_empty_space\"   style=\"height: 50px\"><span class=\"vc_empty_space_inner\"><\/span><\/div><\/div><\/div><\/div><div class=\"wpb_column vc_column_container vc_col-sm-1\"><div class=\"vc_column-inner\"><div class=\"wpb_wrapper\"><\/div><\/div><\/div><\/div><\/div><div class=\"vc-row-container container\"><div class=\"vc_row wpb_row vc_row-fluid vc_column-gap-10\"><div class=\"wpb_column vc_column_container vc_col-sm-2\"><div class=\"vc_column-inner\"><div class=\"wpb_wrapper\"><\/div><\/div><\/div><div class=\"wpb_column vc_column_container vc_col-sm-3\"><div class=\"vc_column-inner\"><div class=\"wpb_wrapper\">\n\t<div  class=\"wpb_single_image wpb_content_element vc_align_center\">\n\t\t\n\t\t<figure class=\"wpb_wrapper vc_figure\">\n\t\t\t<div class=\"vc_single_image-wrapper   vc_box_border_grey\"><img loading=\"lazy\" decoding=\"async\" width=\"466\" height=\"850\" src=\"https:\/\/www.cristal-benito.fr\/wp-content\/uploads\/2021\/03\/Statue-Philippe-Richard.jpg\" class=\"vc_single_image-img attachment-full\" alt=\"\" srcset=\"https:\/\/www.cristal-benito.fr\/wp-content\/uploads\/2021\/03\/Statue-Philippe-Richard.jpg 466w, https:\/\/www.cristal-benito.fr\/wp-content\/uploads\/2021\/03\/Statue-Philippe-Richard-164x300.jpg 164w, https:\/\/www.cristal-benito.fr\/wp-content\/uploads\/2021\/03\/Statue-Philippe-Richard-7x12.jpg 7w\" sizes=\"auto, (max-width: 466px) 100vw, 466px\" \/><\/div>\n\t\t<\/figure>\n\t<\/div>\n\n\t<div class=\"wpb_text_column wpb_content_element  post-formatting\" >\n\t\t<div class=\"wpb_wrapper\">\n\t\t\t<h3 style=\"text-align: right;\">CRISTAL DAUM: Statue of the artist Jean-Philippe Richard<\/h3>\n<p style=\"text-align: right;\">This Daum crystal paste statuette was broken in two, without loss of material. The restoration operation consisted in making a delicate glueing both resistant and almost invisible, in order to recover the integrity of the work of art.<\/p>\n\n\t\t<\/div>\n\t<\/div>\n<\/div><\/div><\/div><div class=\"wpb_column vc_column_container vc_col-sm-5\"><div class=\"vc_column-inner\"><div class=\"wpb_wrapper\">\n\t<div  class=\"wpb_single_image wpb_content_element vc_align_center\">\n\t\t\n\t\t<figure class=\"wpb_wrapper vc_figure\">\n\t\t\t<div class=\"vc_single_image-wrapper   vc_box_border_grey\"><img loading=\"lazy\" decoding=\"async\" width=\"440\" height=\"907\" src=\"https:\/\/www.cristal-benito.fr\/wp-content\/uploads\/2021\/03\/Statue-Philippe-Richard-restaure2.jpg\" class=\"vc_single_image-img attachment-full\" alt=\"\" srcset=\"https:\/\/www.cristal-benito.fr\/wp-content\/uploads\/2021\/03\/Statue-Philippe-Richard-restaure2.jpg 440w, https:\/\/www.cristal-benito.fr\/wp-content\/uploads\/2021\/03\/Statue-Philippe-Richard-restaure2-146x300.jpg 146w, https:\/\/www.cristal-benito.fr\/wp-content\/uploads\/2021\/03\/Statue-Philippe-Richard-restaure2-6x12.jpg 6w\" sizes=\"auto, (max-width: 440px) 100vw, 440px\" \/><\/div>\n\t\t<\/figure>\n\t<\/div>\n<\/div><\/div><\/div><div class=\"wpb_column vc_column_container vc_col-sm-2\"><div class=\"vc_column-inner\"><div class=\"wpb_wrapper\"><\/div><\/div><\/div><\/div><\/div><div class=\"vc-row-container container\"><div class=\"vc_row wpb_row vc_row-fluid\"><div class=\"wpb_column vc_column_container vc_col-sm-1\"><div class=\"vc_column-inner\"><div class=\"wpb_wrapper\"><\/div><\/div><\/div><div class=\"wpb_column vc_column_container vc_col-sm-10\"><div class=\"vc_column-inner\"><div class=\"wpb_wrapper\"><div class=\"vc_empty_space\"   style=\"height: 50px\"><span class=\"vc_empty_space_inner\"><\/span><\/div><div class=\"vc_separator wpb_content_element vc_separator_align_center vc_sep_width_100 vc_sep_pos_align_center vc_separator_no_text vc_sep_color_grey\" ><span class=\"vc_sep_holder vc_sep_holder_l\"><span  class=\"vc_sep_line\"><\/span><\/span><span class=\"vc_sep_holder vc_sep_holder_r\"><span  class=\"vc_sep_line\"><\/span><\/span>\n<\/div><div class=\"vc_empty_space\"   style=\"height: 20px\"><span class=\"vc_empty_space_inner\"><\/span><\/div>\n\t<div class=\"wpb_text_column wpb_content_element  post-formatting\" >\n\t\t<div class=\"wpb_wrapper\">\n\t\t\t<h2>Some references<\/h2>\n<p>\u2013 Palais de l\u2019\u00c9lys\u00e9e, Paris<br \/>\n\u2013 Embassy of the United States, Paris<br \/>\n\u2013 British Embassy, Paris<br \/>\n\u2013 Fontainebleau castle, Fontainebleau, France<br \/>\n\u2013 Sotheby\u2019s, Paris<br \/>\n\u2013 Artcurial, Paris<\/p>\n\n\t\t<\/div>\n\t<\/div>\n<\/div><\/div><\/div><div class=\"wpb_column vc_column_container vc_col-sm-1\"><div class=\"vc_column-inner\"><div class=\"wpb_wrapper\"><\/div><\/div><\/div><\/div><\/div><div class=\"vc-row-container container\"><div class=\"vc_row wpb_row vc_row-fluid\"><div class=\"wpb_column vc_column_container vc_col-sm-12\"><div class=\"vc_column-inner\"><div class=\"wpb_wrapper\"><div class=\"vc_empty_space\"   style=\"height: 100px\"><span class=\"vc_empty_space_inner\"><\/span><\/div><\/div><\/div><\/div><\/div><\/div>","protected":false},"excerpt":{"rendered":"CAND\u00c9LABRES DU XVIIIe SI\u00c8CLE. R\u00c9SIDENCE DE L\u2019AMBASSADE DES \u00c9TATS-UNIS, PARIS Ces deux tr\u00e8s beaux cand\u00e9labres du XVIIIe si\u00e8cle d'environ 1m de haut ont n\u00e9cessit\u00e9 une op\u00e9ration compl\u00e8te de restauration : d\u00e9montage, diagnostic des \u00e9l\u00e9ments en cristal taill\u00e9 \u00e0 reprendre, \u00e0 remplacer, restitution \u00e0 l'identique des pi\u00e8ces manquantes (bras de lustre, coupelles, bob\u00e8ches) et enfin remontage&hellip;","protected":false},"author":1,"featured_media":0,"parent":0,"menu_order":0,"comment_status":"closed","ping_status":"closed","template":"","meta":{"_monsterinsights_skip_tracking":false,"_monsterinsights_sitenote_active":false,"_monsterinsights_sitenote_note":"","_monsterinsights_sitenote_category":0,"footnotes":""},"class_list":["post-859","page","type-page","status-publish","hentry"],"aioseo_notices":[],"_links":{"self":[{"href":"https:\/\/www.cristal-benito.fr\/en\/wp-json\/wp\/v2\/pages\/859","targetHints":{"allow":["GET"]}}],"collection":[{"href":"https:\/\/www.cristal-benito.fr\/en\/wp-json\/wp\/v2\/pages"}],"about":[{"href":"https:\/\/www.cristal-benito.fr\/en\/wp-json\/wp\/v2\/types\/page"}],"author":[{"embeddable":true,"href":"https:\/\/www.cristal-benito.fr\/en\/wp-json\/wp\/v2\/users\/1"}],"replies":[{"embeddable":true,"href":"https:\/\/www.cristal-benito.fr\/en\/wp-json\/wp\/v2\/comments?post=859"}],"version-history":[{"count":60,"href":"https:\/\/www.cristal-benito.fr\/en\/wp-json\/wp\/v2\/pages\/859\/revisions"}],"predecessor-version":[{"id":2350,"href":"https:\/\/www.cristal-benito.fr\/en\/wp-json\/wp\/v2\/pages\/859\/revisions\/2350"}],"wp:attachment":[{"href":"https:\/\/www.cristal-benito.fr\/en\/wp-json\/wp\/v2\/media?parent=859"}],"curies":[{"name":"wp","href":"https:\/\/api.w.org\/{rel}","templated":true}]}}